{"id":1157,"date":"2022-09-08T13:37:24","date_gmt":"2022-09-08T11:37:24","guid":{"rendered":"https:\/\/menorcarent.com\/flota\/"},"modified":"2023-01-13T00:16:01","modified_gmt":"2023-01-12T22:16:01","slug":"flota","status":"publish","type":"page","link":"https:\/\/www.menorcarent.com\/ca\/preus.htm","title":{"rendered":"Flota Catal\u00e0"},"content":{"rendered":"\t\t<div data-elementor-type=\"wp-page\" data-elementor-id=\"1157\" class=\"elementor elementor-1157 elementor-19\">\n\t\t\t\t\t\t<section class=\"elementor-section elementor-top-section elementor-element elementor-element-669bc3a elementor-section-height-min-height elementor-section-boxed elementor-section-height-default elementor-section-items-middle\" data-id=\"669bc3a\" data-element_type=\"section\" data-e-type=\"section\">\n\t\t\t\t\t\t\t<div class=\"elementor-background-overlay\"><\/div>\n\t\t\t\t\t\t\t<div class=\"elementor-container elementor-column-gap-default\">\n\t\t\t\t\t<div class=\"elementor-column elementor-col-100 elementor-top-column elementor-element elementor-element-a229a52\" data-id=\"a229a52\" data-element_type=\"column\" data-e-type=\"column\">\n\t\t\t<div class=\"elementor-widget-wrap elementor-element-populated\">\n\t\t\t\t\t\t<section class=\"elementor-section elementor-inner-section elementor-element elementor-element-32ee11e elementor-section-boxed elementor-section-height-default elementor-section-height-default\" data-id=\"32ee11e\" data-element_type=\"section\" data-e-type=\"section\">\n\t\t\t\t\t\t<div class=\"elementor-container elementor-column-gap-default\">\n\t\t\t\t\t<div class=\"elementor-column elementor-col-50 elementor-inner-column elementor-element elementor-element-e438c4e\" data-id=\"e438c4e\" data-element_type=\"column\" data-e-type=\"column\">\n\t\t\t<div class=\"elementor-widget-wrap elementor-element-populated\">\n\t\t\t\t\t\t<div class=\"elementor-element elementor-element-fae71e5 elementor-widget elementor-widget-shortcode\" data-id=\"fae71e5\" data-element_type=\"widget\" data-e-type=\"widget\" data-widget_type=\"shortcode.default\">\n\t\t\t\t\t\t\t<div class=\"elementor-shortcode\">\n<section class=\"mybooking mybooking-selector widget widget_mybooking_renting_engine_selector reservation-step  \">\n  <form\n    id=\"form-selector\"\n    class=\"mybooking-selector_form\"\n    name=\"widget_search_form\"\n    method=\"get\"\n    enctype=\"application\/x-www-form-urlencoded\">\n\n    \n    \n    \n    \n      <\/form>\n<\/section>\n<\/div>\n\t\t\t\t\t\t<\/div>\n\t\t\t\t\t<\/div>\n\t\t<\/div>\n\t\t\t\t<div class=\"elementor-column elementor-col-50 elementor-inner-column elementor-element elementor-element-33d7565\" data-id=\"33d7565\" data-element_type=\"column\" data-e-type=\"column\">\n\t\t\t<div class=\"elementor-widget-wrap elementor-element-populated\">\n\t\t\t\t\t\t\t<\/div>\n\t\t<\/div>\n\t\t\t\t\t<\/div>\n\t\t<\/section>\n\t\t\t\t\t<\/div>\n\t\t<\/div>\n\t\t\t\t\t<\/div>\n\t\t<\/section>\n\t\t\t\t<section class=\"elementor-section elementor-top-section elementor-element elementor-element-3216e786 elementor-section-boxed elementor-section-height-default elementor-section-height-default\" data-id=\"3216e786\" data-element_type=\"section\" data-e-type=\"section\">\n\t\t\t\t\t\t<div class=\"elementor-container elementor-column-gap-default\">\n\t\t\t\t\t<div class=\"elementor-column elementor-col-100 elementor-top-column elementor-element elementor-element-453a7559\" data-id=\"453a7559\" data-element_type=\"column\" data-e-type=\"column\">\n\t\t\t<div class=\"elementor-widget-wrap elementor-element-populated\">\n\t\t\t\t\t\t<div class=\"elementor-element elementor-element-40a9e108 elementor-widget elementor-widget-heading\" data-id=\"40a9e108\" data-element_type=\"widget\" data-e-type=\"widget\" data-widget_type=\"heading.default\">\n\t\t\t\t\t<h1 class=\"elementor-heading-title elementor-size-default\">Flota de lloguer de cotxes a Menorca<\/h1>\t\t\t\t<\/div>\n\t\t\t\t<div class=\"elementor-element elementor-element-3a031d79 elementor-widget-divider--view-line elementor-widget elementor-widget-divider\" data-id=\"3a031d79\" data-element_type=\"widget\" data-e-type=\"widget\" data-widget_type=\"divider.default\">\n\t\t\t\t\t\t\t<div class=\"elementor-divider\">\n\t\t\t<span class=\"elementor-divider-separator\">\n\t\t\t\t\t\t<\/span>\n\t\t<\/div>\n\t\t\t\t\t\t<\/div>\n\t\t\t\t<div class=\"elementor-element elementor-element-4fe0fec elementor-widget elementor-widget-text-editor\" data-id=\"4fe0fec\" data-element_type=\"widget\" data-e-type=\"widget\" data-widget_type=\"text-editor.default\">\n\t\t\t\t\t\t\t\t\t<p>En Menorcarent lloguer cotxes Menorca, cuidem al m\u00e0xim els nostres vehicles per poder oferir aix\u00ed cotxes actualitzats que s&#8217;adapten a les necessitats tant familiars com per a viatges de negocis. En aquesta p\u00e0gina podr\u00e0 veure els cotxes de la nostra flota. Els cotxes oferts es lliuren segons disponibilitat.<\/p>\t\t\t\t\t\t\t\t<\/div>\n\t\t\t\t\t<\/div>\n\t\t<\/div>\n\t\t\t\t\t<\/div>\n\t\t<\/section>\n\t\t\t\t<section class=\"elementor-section elementor-top-section elementor-element elementor-element-5a00d50f elementor-section-boxed elementor-section-height-default elementor-section-height-default\" data-id=\"5a00d50f\" data-element_type=\"section\" data-e-type=\"section\">\n\t\t\t\t\t\t<div class=\"elementor-container elementor-column-gap-default\">\n\t\t\t\t\t<div class=\"elementor-column elementor-col-50 elementor-top-column elementor-element elementor-element-5809628d\" data-id=\"5809628d\" data-element_type=\"column\" data-e-type=\"column\">\n\t\t\t<div class=\"elementor-widget-wrap elementor-element-populated\">\n\t\t\t\t\t\t<div class=\"elementor-element elementor-element-271de2b0 elementor-widget elementor-widget-image\" data-id=\"271de2b0\" data-element_type=\"widget\" data-e-type=\"widget\" data-widget_type=\"image.default\">\n\t\t\t\t\t\t\t\t\t\t\t\t\t\t\t<img fetchpriority=\"high\" decoding=\"async\" width=\"640\" height=\"331\" src=\"https:\/\/www.menorcarent.com\/wp-content\/uploads\/2022\/09\/fiat-panda.jpg\" class=\"attachment-large size-large wp-image-862\" alt=\"\" srcset=\"https:\/\/www.menorcarent.com\/wp-content\/uploads\/2022\/09\/fiat-panda.jpg 800w, https:\/\/www.menorcarent.com\/wp-content\/uploads\/2022\/09\/fiat-panda-300x155.jpg 300w, https:\/\/www.menorcarent.com\/wp-content\/uploads\/2022\/09\/fiat-panda-768x397.jpg 768w\" sizes=\"(max-width: 640px) 100vw, 640px\" \/>\t\t\t\t\t\t\t\t\t\t\t\t\t\t\t<\/div>\n\t\t\t\t<div class=\"elementor-element elementor-element-50d483e4 elementor-widget elementor-widget-heading\" data-id=\"50d483e4\" data-element_type=\"widget\" data-e-type=\"widget\" data-widget_type=\"heading.default\">\n\t\t\t\t\t<h4 class=\"elementor-heading-title elementor-size-default\">Lloguer Cotxes Econ\u00f2mic: Grup B<\/h4>\t\t\t\t<\/div>\n\t\t\t\t<div class=\"elementor-element elementor-element-197e6376 elementor-widget elementor-widget-heading\" data-id=\"197e6376\" data-element_type=\"widget\" data-e-type=\"widget\" data-widget_type=\"heading.default\">\n\t\t\t\t\t<p class=\"elementor-heading-title elementor-size-default\">En aquest grup vost\u00e8 trobar\u00e0 cotxes 5 portes pr\u00e0ctics per a l'\u00fas diari de f\u00e0cil aparcament i consum redu\u00eft, els models s\u00f3n Fiat Panda, Seat Mii<\/p>\t\t\t\t<\/div>\n\t\t\t\t\t<\/div>\n\t\t<\/div>\n\t\t\t\t<div class=\"elementor-column elementor-col-50 elementor-top-column elementor-element elementor-element-3e256043\" data-id=\"3e256043\" data-element_type=\"column\" data-e-type=\"column\">\n\t\t\t<div class=\"elementor-widget-wrap elementor-element-populated\">\n\t\t\t\t\t\t<div class=\"elementor-element elementor-element-1e40911c elementor-widget elementor-widget-image\" data-id=\"1e40911c\" data-element_type=\"widget\" data-e-type=\"widget\" data-widget_type=\"image.default\">\n\t\t\t\t\t\t\t\t\t\t\t\t\t\t\t<img decoding=\"async\" width=\"599\" height=\"336\" src=\"https:\/\/www.menorcarent.com\/wp-content\/uploads\/2022\/09\/fiat-500-1.jpg\" class=\"attachment-large size-large wp-image-870\" alt=\"\" srcset=\"https:\/\/www.menorcarent.com\/wp-content\/uploads\/2022\/09\/fiat-500-1.jpg 599w, https:\/\/www.menorcarent.com\/wp-content\/uploads\/2022\/09\/fiat-500-1-300x168.jpg 300w\" sizes=\"(max-width: 599px) 100vw, 599px\" \/>\t\t\t\t\t\t\t\t\t\t\t\t\t\t\t<\/div>\n\t\t\t\t<div class=\"elementor-element elementor-element-18c8455f elementor-widget elementor-widget-heading\" data-id=\"18c8455f\" data-element_type=\"widget\" data-e-type=\"widget\" data-widget_type=\"heading.default\">\n\t\t\t\t\t<h4 class=\"elementor-heading-title elementor-size-default\">Lloguer Cotxes 4 Places Fiat 500: Grup B1<\/h4>\t\t\t\t<\/div>\n\t\t\t\t<div class=\"elementor-element elementor-element-2483d03f elementor-widget elementor-widget-heading\" data-id=\"2483d03f\" data-element_type=\"widget\" data-e-type=\"widget\" data-widget_type=\"heading.default\">\n\t\t\t\t\t<p class=\"elementor-heading-title elementor-size-default\">En aquest grup gaudir\u00e0 d'un cotxe petit semblant a mida al grup B especialment per grand\u00e0ria de maleter, el model ser\u00e0 nom\u00e9s Fiat 500 no donant opci\u00f3 a similars. recomanat per A 2 persones.<\/p>\t\t\t\t<\/div>\n\t\t\t\t\t<\/div>\n\t\t<\/div>\n\t\t\t\t\t<\/div>\n\t\t<\/section>\n\t\t\t\t<section class=\"elementor-section elementor-top-section elementor-element elementor-element-ef3dedb elementor-section-boxed elementor-section-height-default elementor-section-height-default\" data-id=\"ef3dedb\" data-element_type=\"section\" data-e-type=\"section\">\n\t\t\t\t\t\t<div class=\"elementor-container elementor-column-gap-default\">\n\t\t\t\t\t<div class=\"elementor-column elementor-col-33 elementor-top-column elementor-element elementor-element-31b1fb9\" data-id=\"31b1fb9\" data-element_type=\"column\" data-e-type=\"column\">\n\t\t\t<div class=\"elementor-widget-wrap elementor-element-populated\">\n\t\t\t\t\t\t<div class=\"elementor-element elementor-element-4c882d9 elementor-widget elementor-widget-image\" data-id=\"4c882d9\" data-element_type=\"widget\" data-e-type=\"widget\" data-widget_type=\"image.default\">\n\t\t\t\t\t\t\t\t\t\t\t\t\t\t\t<img decoding=\"async\" width=\"235\" height=\"176\" src=\"https:\/\/www.menorcarent.com\/wp-content\/uploads\/2022\/09\/fiat-500c-1.jpg\" class=\"attachment-large size-large wp-image-878\" alt=\"\" \/>\t\t\t\t\t\t\t\t\t\t\t\t\t\t\t<\/div>\n\t\t\t\t<div class=\"elementor-element elementor-element-4f48208 elementor-widget elementor-widget-heading\" data-id=\"4f48208\" data-element_type=\"widget\" data-e-type=\"widget\" data-widget_type=\"heading.default\">\n\t\t\t\t\t<h4 class=\"elementor-heading-title elementor-size-default\">Lloguer Cotxes 4 Places Descapotable: Grup B2<\/h4>\t\t\t\t<\/div>\n\t\t\t\t<div class=\"elementor-element elementor-element-c75d058 elementor-widget elementor-widget-heading\" data-id=\"c75d058\" data-element_type=\"widget\" data-e-type=\"widget\" data-widget_type=\"heading.default\">\n\t\t\t\t\t<p class=\"elementor-heading-title elementor-size-default\">En aquest grup oferim \u00fanicament el model Fiat 500 cabrio igual que el grup B1 per\u00f2 sent un model amb sostre de lona el\u00e8ctric.<\/p>\t\t\t\t<\/div>\n\t\t\t\t\t<\/div>\n\t\t<\/div>\n\t\t\t\t<div class=\"elementor-column elementor-col-33 elementor-top-column elementor-element elementor-element-2d6bcbc\" data-id=\"2d6bcbc\" data-element_type=\"column\" data-e-type=\"column\">\n\t\t\t<div class=\"elementor-widget-wrap elementor-element-populated\">\n\t\t\t\t\t\t<div class=\"elementor-element elementor-element-30fe6a1 elementor-widget elementor-widget-image\" data-id=\"30fe6a1\" data-element_type=\"widget\" data-e-type=\"widget\" data-widget_type=\"image.default\">\n\t\t\t\t\t\t\t\t\t\t\t\t\t\t\t<img loading=\"lazy\" decoding=\"async\" width=\"235\" height=\"176\" src=\"https:\/\/www.menorcarent.com\/wp-content\/uploads\/2022\/09\/abarth.jpg\" class=\"attachment-large size-large wp-image-882\" alt=\"\" \/>\t\t\t\t\t\t\t\t\t\t\t\t\t\t\t<\/div>\n\t\t\t\t<div class=\"elementor-element elementor-element-6bb55d4 elementor-widget elementor-widget-heading\" data-id=\"6bb55d4\" data-element_type=\"widget\" data-e-type=\"widget\" data-widget_type=\"heading.default\">\n\t\t\t\t\t<h4 class=\"elementor-heading-title elementor-size-default\">Lloguer De Cotxes A Menorca: Grup B3<\/h4>\t\t\t\t<\/div>\n\t\t\t\t<div class=\"elementor-element elementor-element-b82febc elementor-widget elementor-widget-heading\" data-id=\"b82febc\" data-element_type=\"widget\" data-e-type=\"widget\" data-widget_type=\"heading.default\">\n\t\t\t\t\t<p class=\"elementor-heading-title elementor-size-default\">En aquest grup podr\u00e0 tenir a les mans un vehicle a m\u00e9s de cabrio, amb canvi automatic sequencial, model disponible Abarth 500 140 CV<\/p>\t\t\t\t<\/div>\n\t\t\t\t\t<\/div>\n\t\t<\/div>\n\t\t\t\t<div class=\"elementor-column elementor-col-33 elementor-top-column elementor-element elementor-element-6661141\" data-id=\"6661141\" data-element_type=\"column\" data-e-type=\"column\">\n\t\t\t<div class=\"elementor-widget-wrap elementor-element-populated\">\n\t\t\t\t\t\t<div class=\"elementor-element elementor-element-2f52b83 elementor-widget elementor-widget-image\" data-id=\"2f52b83\" data-element_type=\"widget\" data-e-type=\"widget\" data-widget_type=\"image.default\">\n\t\t\t\t\t\t\t\t\t\t\t\t\t\t\t<img loading=\"lazy\" decoding=\"async\" width=\"235\" height=\"176\" src=\"https:\/\/www.menorcarent.com\/wp-content\/uploads\/2022\/09\/opel-corsa.jpg\" class=\"attachment-large size-large wp-image-886\" alt=\"\" \/>\t\t\t\t\t\t\t\t\t\t\t\t\t\t\t<\/div>\n\t\t\t\t<div class=\"elementor-element elementor-element-9c16632 elementor-widget elementor-widget-heading\" data-id=\"9c16632\" data-element_type=\"widget\" data-e-type=\"widget\" data-widget_type=\"heading.default\">\n\t\t\t\t\t<h4 class=\"elementor-heading-title elementor-size-default\">Lloguer Cotxes 5 Places: Grup C<\/h4>\t\t\t\t<\/div>\n\t\t\t\t<div class=\"elementor-element elementor-element-c77c10e elementor-widget elementor-widget-heading\" data-id=\"c77c10e\" data-element_type=\"widget\" data-e-type=\"widget\" data-widget_type=\"heading.default\">\n\t\t\t\t\t<p class=\"elementor-heading-title elementor-size-default\">En aquest grup gaudir\u00e0 d'un cotxe m\u00e9s gran que els del grup B especialment per grand\u00e0ria de maleter, els models s\u00f3n Fiat Punto, Ford Fiesta, Opel Corsa, Volkwagen Polo, Seat Ibiza.<\/p>\t\t\t\t<\/div>\n\t\t\t\t\t<\/div>\n\t\t<\/div>\n\t\t\t\t\t<\/div>\n\t\t<\/section>\n\t\t\t\t<section class=\"elementor-section elementor-top-section elementor-element elementor-element-4c9f46a elementor-section-boxed elementor-section-height-default elementor-section-height-default\" data-id=\"4c9f46a\" data-element_type=\"section\" data-e-type=\"section\">\n\t\t\t\t\t\t<div class=\"elementor-container elementor-column-gap-default\">\n\t\t\t\t\t<div class=\"elementor-column elementor-col-33 elementor-top-column elementor-element elementor-element-62684bb\" data-id=\"62684bb\" data-element_type=\"column\" data-e-type=\"column\">\n\t\t\t<div class=\"elementor-widget-wrap elementor-element-populated\">\n\t\t\t\t\t\t<div class=\"elementor-element elementor-element-5767eef elementor-widget elementor-widget-image\" data-id=\"5767eef\" data-element_type=\"widget\" data-e-type=\"widget\" data-widget_type=\"image.default\">\n\t\t\t\t\t\t\t\t\t\t\t\t\t\t\t<img loading=\"lazy\" decoding=\"async\" width=\"235\" height=\"176\" src=\"https:\/\/www.menorcarent.com\/wp-content\/uploads\/2022\/09\/fiat-qubo.jpg\" class=\"attachment-large size-large wp-image-890\" alt=\"\" \/>\t\t\t\t\t\t\t\t\t\t\t\t\t\t\t<\/div>\n\t\t\t\t<div class=\"elementor-element elementor-element-60b66ea elementor-widget elementor-widget-heading\" data-id=\"60b66ea\" data-element_type=\"widget\" data-e-type=\"widget\" data-widget_type=\"heading.default\">\n\t\t\t\t\t<h4 class=\"elementor-heading-title elementor-size-default\">Lloguer Cotxes C\u00f2mode 5 Places: Grup D<\/h4>\t\t\t\t<\/div>\n\t\t\t\t<div class=\"elementor-element elementor-element-e1c599a elementor-widget elementor-widget-heading\" data-id=\"e1c599a\" data-element_type=\"widget\" data-e-type=\"widget\" data-widget_type=\"heading.default\">\n\t\t\t\t\t<p class=\"elementor-heading-title elementor-size-default\">En aquest grup el m\u00e9s gran que li podem oferir de m\u00e0xim 5 places en gasolina destaquem la comoditat i amplitud dels seus models com ara Fiat Qubo.<\/p>\t\t\t\t<\/div>\n\t\t\t\t\t<\/div>\n\t\t<\/div>\n\t\t\t\t<div class=\"elementor-column elementor-col-33 elementor-top-column elementor-element elementor-element-bd3fb67\" data-id=\"bd3fb67\" data-element_type=\"column\" data-e-type=\"column\">\n\t\t\t<div class=\"elementor-widget-wrap elementor-element-populated\">\n\t\t\t\t\t\t<div class=\"elementor-element elementor-element-da90950 elementor-widget elementor-widget-image\" data-id=\"da90950\" data-element_type=\"widget\" data-e-type=\"widget\" data-widget_type=\"image.default\">\n\t\t\t\t\t\t\t\t\t\t\t\t\t\t\t<img loading=\"lazy\" decoding=\"async\" width=\"235\" height=\"176\" src=\"https:\/\/www.menorcarent.com\/wp-content\/uploads\/2022\/09\/golf.jpg\" class=\"attachment-large size-large wp-image-894\" alt=\"\" \/>\t\t\t\t\t\t\t\t\t\t\t\t\t\t\t<\/div>\n\t\t\t\t<div class=\"elementor-element elementor-element-6bdbf21 elementor-widget elementor-widget-heading\" data-id=\"6bdbf21\" data-element_type=\"widget\" data-e-type=\"widget\" data-widget_type=\"heading.default\">\n\t\t\t\t\t<h4 class=\"elementor-heading-title elementor-size-default\">Lloguer De Cotxes A Menorca: Grup F<\/h4>\t\t\t\t<\/div>\n\t\t\t\t<div class=\"elementor-element elementor-element-2c069d3 elementor-widget elementor-widget-heading\" data-id=\"2c069d3\" data-element_type=\"widget\" data-e-type=\"widget\" data-widget_type=\"heading.default\">\n\t\t\t\t\t<p class=\"elementor-heading-title elementor-size-default\">En aquest grup el m\u00e9s gran que li podem oferir di\u00e8sel de m\u00e0xim 5 places destaquem la comoditat i amplitud dels seus models com ara Seat Leon TSI.<\/p>\t\t\t\t<\/div>\n\t\t\t\t\t<\/div>\n\t\t<\/div>\n\t\t\t\t<div class=\"elementor-column elementor-col-33 elementor-top-column elementor-element elementor-element-0315ee8\" data-id=\"0315ee8\" data-element_type=\"column\" data-e-type=\"column\">\n\t\t\t<div class=\"elementor-widget-wrap elementor-element-populated\">\n\t\t\t\t\t\t<div class=\"elementor-element elementor-element-fadd57a elementor-widget elementor-widget-image\" data-id=\"fadd57a\" data-element_type=\"widget\" data-e-type=\"widget\" data-widget_type=\"image.default\">\n\t\t\t\t\t\t\t\t\t\t\t\t\t\t\t<img loading=\"lazy\" decoding=\"async\" width=\"235\" height=\"176\" src=\"https:\/\/www.menorcarent.com\/wp-content\/uploads\/2022\/09\/zafira.jpg\" class=\"attachment-large size-large wp-image-898\" alt=\"\" \/>\t\t\t\t\t\t\t\t\t\t\t\t\t\t\t<\/div>\n\t\t\t\t<div class=\"elementor-element elementor-element-8bde80e elementor-widget elementor-widget-heading\" data-id=\"8bde80e\" data-element_type=\"widget\" data-e-type=\"widget\" data-widget_type=\"heading.default\">\n\t\t\t\t\t<h4 class=\"elementor-heading-title elementor-size-default\">Lloguer Cotxes 7 Places Menorca: Grup G<\/h4>\t\t\t\t<\/div>\n\t\t\t\t<div class=\"elementor-element elementor-element-5984b25 elementor-widget elementor-widget-heading\" data-id=\"5984b25\" data-element_type=\"widget\" data-e-type=\"widget\" data-widget_type=\"heading.default\">\n\t\t\t\t\t<p class=\"elementor-heading-title elementor-size-default\">en aquest grup oferim un model de cotxe amb seients abatibles per a 5, 6 o 7 persones com a m\u00e0xim el model \u00e9s Fiat 500 L Living o Chevrolet Orlando. Encara que tenen una capacitat per a 7 persones recomanem com a m\u00e0xim 6 per poder portar el seu equipatge c\u00f2modament.<\/p>\t\t\t\t<\/div>\n\t\t\t\t\t<\/div>\n\t\t<\/div>\n\t\t\t\t\t<\/div>\n\t\t<\/section>\n\t\t\t\t<section class=\"elementor-section elementor-top-section elementor-element elementor-element-178345c elementor-section-boxed elementor-section-height-default elementor-section-height-default\" data-id=\"178345c\" data-element_type=\"section\" data-e-type=\"section\">\n\t\t\t\t\t\t<div class=\"elementor-container elementor-column-gap-default\">\n\t\t\t\t\t<div class=\"elementor-column elementor-col-100 elementor-top-column elementor-element elementor-element-41dea83\" data-id=\"41dea83\" data-element_type=\"column\" data-e-type=\"column\">\n\t\t\t<div class=\"elementor-widget-wrap elementor-element-populated\">\n\t\t\t\t\t\t<div class=\"elementor-element elementor-element-c586c39 elementor-widget elementor-widget-image\" data-id=\"c586c39\" data-element_type=\"widget\" data-e-type=\"widget\" data-widget_type=\"image.default\">\n\t\t\t\t\t\t\t\t\t\t\t\t\t\t\t<img loading=\"lazy\" decoding=\"async\" width=\"279\" height=\"176\" src=\"https:\/\/www.menorcarent.com\/wp-content\/uploads\/2022\/09\/opel-vivaro.jpg\" class=\"attachment-large size-large wp-image-902\" alt=\"\" \/>\t\t\t\t\t\t\t\t\t\t\t\t\t\t\t<\/div>\n\t\t\t\t<div class=\"elementor-element elementor-element-f36a206 elementor-widget elementor-widget-heading\" data-id=\"f36a206\" data-element_type=\"widget\" data-e-type=\"widget\" data-widget_type=\"heading.default\">\n\t\t\t\t\t<h4 class=\"elementor-heading-title elementor-size-default\">Cotxes Lloguer 9 Places Menorca: Grup H<\/h4>\t\t\t\t<\/div>\n\t\t\t\t<div class=\"elementor-element elementor-element-7a352ab elementor-widget elementor-widget-heading\" data-id=\"7a352ab\" data-element_type=\"widget\" data-e-type=\"widget\" data-widget_type=\"heading.default\">\n\t\t\t\t\t<p class=\"elementor-heading-title elementor-size-default\">En aquest grup destaquem la qualitat de conducci\u00f3 que s'aproxima a la d'un turisme amb un m\u00e0xim de 9 places i gran maleter model Nissan Primastar 2.0 TDCI.<\/p>\t\t\t\t<\/div>\n\t\t\t\t\t<\/div>\n\t\t<\/div>\n\t\t\t\t\t<\/div>\n\t\t<\/section>\n\t\t\t\t<\/div>\n\t\t","protected":false},"excerpt":{"rendered":"<p>Flota de lloguer de cotxes a Menorca En Menorcarent lloguer cotxes Menorca, cuidem al m\u00e0xim els nostres vehicles per poder oferir aix\u00ed cotxes actualitzats que s&#8217;adapten a les necessitats tant familiars com per a viatges de negocis. En aquesta p\u00e0gina podr\u00e0 veure els cotxes de la nostra flota. Els cotxes oferts es lliuren segons disponibilitat.<\/p>\n","protected":false},"author":1,"featured_media":0,"parent":0,"menu_order":0,"comment_status":"closed","ping_status":"closed","template":"elementor_header_footer","meta":{"footnotes":""},"class_list":["post-1157","page","type-page","status-publish","hentry"],"_links":{"self":[{"href":"https:\/\/www.menorcarent.com\/ca\/wp-json\/wp\/v2\/pages\/1157","targetHints":{"allow":["GET"]}}],"collection":[{"href":"https:\/\/www.menorcarent.com\/ca\/wp-json\/wp\/v2\/pages"}],"about":[{"href":"https:\/\/www.menorcarent.com\/ca\/wp-json\/wp\/v2\/types\/page"}],"author":[{"embeddable":true,"href":"https:\/\/www.menorcarent.com\/ca\/wp-json\/wp\/v2\/users\/1"}],"replies":[{"embeddable":true,"href":"https:\/\/www.menorcarent.com\/ca\/wp-json\/wp\/v2\/comments?post=1157"}],"version-history":[{"count":4,"href":"https:\/\/www.menorcarent.com\/ca\/wp-json\/wp\/v2\/pages\/1157\/revisions"}],"predecessor-version":[{"id":3658,"href":"https:\/\/www.menorcarent.com\/ca\/wp-json\/wp\/v2\/pages\/1157\/revisions\/3658"}],"wp:attachment":[{"href":"https:\/\/www.menorcarent.com\/ca\/wp-json\/wp\/v2\/media?parent=1157"}],"curies":[{"name":"wp","href":"https:\/\/api.w.org\/{rel}","templated":true}]}}