{"id":3556,"date":"2022-09-08T13:37:29","date_gmt":"2022-09-08T11:37:29","guid":{"rendered":"https:\/\/www.menorcarent.com\/politica-de-privadesa\/"},"modified":"2025-02-11T22:44:08","modified_gmt":"2025-02-11T20:44:08","slug":"politica-de-privadesa","status":"publish","type":"page","link":"https:\/\/www.menorcarent.com\/ca\/politica-de-privadesa.htm","title":{"rendered":"Pol\u00edtica de privadesa"},"content":{"rendered":"\t\t<div data-elementor-type=\"wp-page\" data-elementor-id=\"3556\" class=\"elementor elementor-3556 elementor-54\">\n\t\t\t\t\t\t<section class=\"elementor-section elementor-top-section elementor-element elementor-element-38849949 elementor-section-boxed elementor-section-height-default elementor-section-height-default\" data-id=\"38849949\" data-element_type=\"section\" data-e-type=\"section\">\n\t\t\t\t\t\t<div class=\"elementor-container elementor-column-gap-default\">\n\t\t\t\t\t<div class=\"elementor-column elementor-col-100 elementor-top-column elementor-element elementor-element-1c22050c\" data-id=\"1c22050c\" data-element_type=\"column\" data-e-type=\"column\">\n\t\t\t<div class=\"elementor-widget-wrap elementor-element-populated\">\n\t\t\t\t\t\t<div class=\"elementor-element elementor-element-771930c8 elementor-widget elementor-widget-text-editor\" data-id=\"771930c8\" data-element_type=\"widget\" data-e-type=\"widget\" data-widget_type=\"text-editor.default\">\n\t\t\t\t\t\t\t\t\t<p><strong>POL\u00cdTICA DE PRIVACITAT<\/strong><\/p><p><strong>Protecci\u00f3 de dades de car\u00e0cter personal segons la LOPD<\/strong><\/p><p>EASYMENORCARENT RENT, S.L, en aplicaci\u00f3 de la normativa vigent en mat\u00e8ria de protecci\u00f3 de dades de car\u00e0cter personal, informa que les dades personals que es recullen a trav\u00e9s dels formularis del lloc web www.menorcarent.com s&#8217;inclouen als fitxers automatitzats espec\u00edfics de usuaris dels serveis d&#8217;EASYMENORCARENT RENT, S.L<\/p><p>La recollida i el tractament automatitzat de les dades de car\u00e0cter personal t\u00e9 com a finalitat el manteniment de la relaci\u00f3 comercial i l&#8217;exercici de tasques d&#8217;informaci\u00f3, formaci\u00f3, assessorament i altres activitats pr\u00f2pies d&#8217;EASYMENORCARENT RENT, S.L<\/p><p>Aquestes dades nom\u00e9s seran cedides a aquelles entitats que siguin necess\u00e0ries amb l&#8217;\u00fanic objectiu de donar compliment a la finalitat exposada anteriorment.<\/p><p>EASYMENORCARENT RENT, S.L adopta les mesures necess\u00e0ries per garantir la seguretat, integritat i confidencialitat de les dades conforme al que disposa la Llei Org\u00e0nica 15\/1999 de 13 de desembre, de Protecci\u00f3 de Dades de Car\u00e0cter Personal (LOPD).<\/p><p>L&#8217;usuari podr\u00e0 en qualsevol moment exercitar els drets d&#8217;acc\u00e9s, oposici\u00f3, rectificaci\u00f3 i cancel\u00b7laci\u00f3 reconeguts a l&#8217;esmentada LOPD. L&#8217;exercici d&#8217;aquests drets el pot fer el mateix usuari a trav\u00e9s de correu electr\u00f2nic a menorcarent@gmail.com oa l&#8217;adre\u00e7a C\/ Santa Victoria, 33, 07701 &#8211; Mahon, Menorca (Illes Balears).<\/p><p>L&#8217;usuari manifesta que totes les dades facilitades per ell s\u00f3n certes i correctes, i es compromet a mantenir-les actualitzades, comunicant els canvis a EASYMENORCARENT RENT, S.L<\/p><p><strong>Dades recopilades per usuaris dels serveis<\/strong><\/p><p>En els casos en qu\u00e8 l&#8217;usuari inclogui fitxers amb dades de car\u00e0cter personal als servidors d&#8217;allotjament compartit, EASYMENORCARENT RENT, S.L. no es fa responsable de l&#8217;incompliment per part de l&#8217;usuari de la LOPD.<\/p><p><strong>Retenci\u00f3 de dades de conformitat amb la LSSI<\/strong><\/p><p>EASYMENORCARENT RENT, S.L informa que, com a prestador de servei d&#8217;allotjament de dades i en virtut del que estableix la Llei 34\/2002 d&#8217;11 de juliol de Serveis de la Societat de la Informaci\u00f3 i de Comer\u00e7 Electr\u00f2nic (LSSI), ret\u00e9 per un per\u00edode m\u00e0xim de 12 mesos la informaci\u00f3 imprescindible per identificar lorigen de les dades allotjades i el moment en qu\u00e8 es va iniciar la prestaci\u00f3 del servei. La retenci\u00f3 d&#8217;aquestes dades no afecta el secret de les comunicacions i nom\u00e9s es poden utilitzar en el marc d&#8217;una investigaci\u00f3 criminal o per a la salvaguarda de la seguretat p\u00fablica, posant-se a disposici\u00f3 dels jutges i\/o tribunals o del Ministeri que aix\u00ed ho requereixi . La comunicaci\u00f3 de dades a les Forces i Cossos de l&#8217;Estat es far\u00e0 en virtut del que disposa la normativa sobre protecci\u00f3 de dades personals.<\/p><p><strong>Drets propietat intel\u00b7lectual www.menorcarent.com<\/strong><\/p><p>EASYMENORCARENT RENT, S.L \u00e9s titular de tots els drets d&#8217;autor, propietat intel\u00b7lectual, industrial, &#8220;know how&#8221; i tots els altres drets tenen relaci\u00f3 amb els continguts del lloc web www.menorcarent.com i els serveis<\/p><p>oferts en aquest, aix\u00ed com dels programes necessaris per a la seva implementaci\u00f3 i la informaci\u00f3 relacionada. No es permet la reproducci\u00f3, publicaci\u00f3 i\/o \u00fas no estrictament privat dels continguts, totals o parcials, del lloc web www.menorcarent.com sense el consentiment previ i per escrit.<\/p><p><strong>Propietat intel\u00b7lectual del programari<\/strong><\/p><p>L&#8217;usuari ha de respectar els programes de tercers posats a la seva disposici\u00f3 per EASYMENORCARENT RENT, S.L, tot i ser gratu\u00efts i\/o de disposici\u00f3 p\u00fablica. EASYMENORCARENT RENT, S.L disposa dels drets d&#8217;explotaci\u00f3 i propietat intel\u00b7lectual necessaris del programari.<\/p><p>L&#8217;usuari no adquireix cap dret o llic\u00e8ncia pel servei contractat, sobre el programari necessari per a la prestaci\u00f3 del servei, ni tampoc sobre la informaci\u00f3 t\u00e8cnica de seguiment del servei, excepci\u00f3 feta dels drets i llic\u00e8ncies necessaris per al compliment dels serveis contractats i \u00fanicament durant la durada dels mateixos. Per a tota actuaci\u00f3 que excedeixi el compliment del contracte, l&#8217;usuari necessitar\u00e0 autoritzaci\u00f3 per escrit per part de EASYMENORCARENT RENT, S.L, quedant prohibit a l&#8217;usuari accedir, modificar, visualitzar la configuraci\u00f3, estructura i fitxers dels servidors propietat d&#8217;EASYMENORCARENT RENT, S.L, assumint la responsabilitat civil i penal derivada de qualsevol incid\u00e8ncia que es pogu\u00e9s produir als servidors i sistemes de seguretat com a conseq\u00fc\u00e8ncia directa d&#8217;una actuaci\u00f3 negligent o maliciosa per part seva.<\/p><p><strong>Propietat intel\u00b7lectual dels continguts allotjats<\/strong><\/p><p>Es prohibeix l&#8217;\u00fas contrari a la legislaci\u00f3 sobre propietat intel\u00b7lectual dels serveis prestats per EASYMENORCARENT RENT, S.L i, en particular:<\/p><p>La utilitzaci\u00f3 que resulti contr\u00e0ria a les lleis espanyoles o que infringeixi els drets de tercers.<\/p><p>La publicaci\u00f3 o la transmissi\u00f3 de qualsevol contingut que, segons el parer d&#8217;EASYMENORCARENT RENT, S.L, resulti violent, obsc\u00e8, abusiu, il\u00b7legal, racial, xen\u00f2fob o difamatori.<\/p><p><br \/>Els cracs, n\u00fameros de s\u00e8rie de programes o qualsevol altre contingut que vulneri drets de la propietat intel\u00b7lectual de tercers.<\/p><p>La recollida i\/o utilitzaci\u00f3 de dades personals daltres usuaris sense el seu consentiment expr\u00e9s o contravenint el que disposa la Llei Org\u00e0nica 15\/1999, de 13 de desembre, de Protecci\u00f3 de Dades de Car\u00e0cter Personal.<\/p><p>La utilitzaci\u00f3 del servidor de correu del domini i de les adreces de correu electr\u00f2nic per a l&#8217;enviament de correu massiu no desitjat.<\/p><p>L&#8217;usuari t\u00e9 tota la responsabilitat sobre el contingut del web, la informaci\u00f3 transmesa i emmagatzemada, els enlla\u00e7os d&#8217;hipertext, les reivindicacions de tercers i les accions legals en refer\u00e8ncia a propietat intel\u00b7lectual, drets de tercers i protecci\u00f3 de menors. L&#8217;usuari \u00e9s responsable respecte a les lleis i els reglaments en vigor i les regles que tenen a veure amb el funcionament del servei online, comer\u00e7 electr\u00f2nic, drets d&#8217;autor, manteniment de l&#8217;ordre p\u00fablic, aix\u00ed com principis universals d&#8217;\u00fas d&#8217;Internet.<\/p><p>L&#8217;usuari indemnitzar\u00e0 EASYMENORCARENT RENT, S.L per les despeses que gener\u00e9s la imputaci\u00f3 de la<\/p><p>EASYMENORCARENT RENT, S.L en alguna causa la responsabilitat de la qual fos atribu\u00efble a l&#8217;usuari, inclosos honoraris i despeses de defensa jur\u00eddica, fins i tot en el cas d&#8217;una decisi\u00f3 judicial no definitiva.<\/p><p><strong>Protecci\u00f3 de la informaci\u00f3 allotjada<\/strong><\/p><p>EASYMENORCARENT RENT, S.L realitza c\u00f2pies de seguretat dels continguts allotjats als seus servidors, per\u00f2 no es responsabilitza de la p\u00e8rdua o esborrament accidental de les dades per part dels usuaris. De la mateixa manera, no garanteix la reposici\u00f3 total de les dades esborrades pels usuaris, ja que les dades esmentades podrien haver estat suprimides i\/o modificades durant el per\u00edode del temps transcorregut des de l&#8217;\u00faltima c\u00f2pia de seguretat. Els serveis oferts, excepte els serveis espec\u00edfics de backup, no inclouen la reposici\u00f3 dels continguts conservats a les c\u00f2pies de seguretat realitzades per EASYMENORCARENT RENT, S.L, quan aquesta p\u00e8rdua sigui imputable a l&#8217;usuari; en aquest cas, es determinar\u00e0 una tarifa d&#8217;acord amb la complexitat i el volum de la recuperaci\u00f3, sempre pr\u00e8via acceptaci\u00f3 de l&#8217;usuari. La reposici\u00f3 de dades esborrades nom\u00e9s est\u00e0 inclosa en el preu del servei quan la p\u00e8rdua del contingut sigui deguda a causes atribu\u00efbles a EASYMENORCARENT RENT, S.L.<\/p><p><strong>Comunicacions comercials<\/strong><\/p><p>En aplicaci\u00f3 de la LSSI. EASYMENORCARENT RENT, S.L no enviar\u00e0 comunicacions publicit\u00e0ries o promocionals per correu electr\u00f2nic o altre mitj\u00e0 de comunicaci\u00f3 electr\u00f2nica equivalent que pr\u00e8viament no hagin estat sol\u00b7licitades o expressament autoritzades pels destinataris de les mateixes.<\/p><p>En el cas d&#8217;usuaris amb els quals hi hagi una relaci\u00f3 contractual pr\u00e8via, EASYMENORCARENT RENT, S.L s\u00ed que est\u00e0 autoritzat a l&#8217;enviament de comunicacions comercials referents a productes o serveis de l&#8217;EASYMENORCARENT RENT, S.L que siguin similars als que inicialment van ser objecte de contractaci\u00f3 amb el client. En tot cas, l&#8217;usuari pot sol\u00b7licitar que no se li facin arribar m\u00e9s informacions comercials a trav\u00e9s dels canals d&#8217;Atenci\u00f3 al Client, despr\u00e9s d&#8217;acreditar-ne la identitat.<\/p>\t\t\t\t\t\t\t\t<\/div>\n\t\t\t\t\t<\/div>\n\t\t<\/div>\n\t\t\t\t\t<\/div>\n\t\t<\/section>\n\t\t\t\t<\/div>\n\t\t","protected":false},"excerpt":{"rendered":"<p>POL\u00cdTICA DE PRIVACITAT Protecci\u00f3 de dades de car\u00e0cter personal segons la LOPD EASYMENORCARENT RENT, S.L, en aplicaci\u00f3 de la normativa vigent en mat\u00e8ria de protecci\u00f3 de dades de car\u00e0cter personal, informa que les dades personals que es recullen a trav\u00e9s dels formularis del lloc web www.menorcarent.com s&#8217;inclouen als fitxers automatitzats espec\u00edfics de usuaris dels serveis<\/p>\n","protected":false},"author":1,"featured_media":0,"parent":0,"menu_order":0,"comment_status":"closed","ping_status":"closed","template":"","meta":{"footnotes":""},"class_list":["post-3556","page","type-page","status-publish","hentry"],"_links":{"self":[{"href":"https:\/\/www.menorcarent.com\/ca\/wp-json\/wp\/v2\/pages\/3556","targetHints":{"allow":["GET"]}}],"collection":[{"href":"https:\/\/www.menorcarent.com\/ca\/wp-json\/wp\/v2\/pages"}],"about":[{"href":"https:\/\/www.menorcarent.com\/ca\/wp-json\/wp\/v2\/types\/page"}],"author":[{"embeddable":true,"href":"https:\/\/www.menorcarent.com\/ca\/wp-json\/wp\/v2\/users\/1"}],"replies":[{"embeddable":true,"href":"https:\/\/www.menorcarent.com\/ca\/wp-json\/wp\/v2\/comments?post=3556"}],"version-history":[{"count":4,"href":"https:\/\/www.menorcarent.com\/ca\/wp-json\/wp\/v2\/pages\/3556\/revisions"}],"predecessor-version":[{"id":3568,"href":"https:\/\/www.menorcarent.com\/ca\/wp-json\/wp\/v2\/pages\/3556\/revisions\/3568"}],"wp:attachment":[{"href":"https:\/\/www.menorcarent.com\/ca\/wp-json\/wp\/v2\/media?parent=3556"}],"curies":[{"name":"wp","href":"https:\/\/api.w.org\/{rel}","templated":true}]}}