{"id":4996,"date":"2022-09-15T13:38:26","date_gmt":"2022-09-15T11:38:26","guid":{"rendered":"https:\/\/www.menorcarent.com\/?page_id=4996"},"modified":"2025-06-13T12:18:57","modified_gmt":"2025-06-13T10:18:57","slug":"lloguer-cotxes-menorca-blog","status":"publish","type":"page","link":"https:\/\/www.menorcarent.com\/ca\/lloguer-cotxes-menorca\/","title":{"rendered":"Lloguer de Cotxes a Menorca"},"content":{"rendered":"\t\t<div data-elementor-type=\"wp-page\" data-elementor-id=\"4996\" class=\"elementor elementor-4996 elementor-483\">\n\t\t\t\t\t\t<section class=\"elementor-section elementor-top-section elementor-element elementor-element-d7466d3 elementor-section-boxed elementor-section-height-default elementor-section-height-default\" data-id=\"d7466d3\" data-element_type=\"section\" data-e-type=\"section\">\n\t\t\t\t\t\t<div class=\"elementor-container elementor-column-gap-default\">\n\t\t\t\t\t<div class=\"elementor-column elementor-col-100 elementor-top-column elementor-element elementor-element-d86a5e0\" data-id=\"d86a5e0\" data-element_type=\"column\" data-e-type=\"column\">\n\t\t\t<div class=\"elementor-widget-wrap elementor-element-populated\">\n\t\t\t\t\t\t<div class=\"elementor-element elementor-element-fb7d3af elementor-widget elementor-widget-heading\" data-id=\"fb7d3af\" data-element_type=\"widget\" data-e-type=\"widget\" data-widget_type=\"heading.default\">\n\t\t\t\t\t<h2 class=\"elementor-heading-title elementor-size-default\">Blog - Lloguer Cotxes Menorca<\/h2>\t\t\t\t<\/div>\n\t\t\t\t\t<\/div>\n\t\t<\/div>\n\t\t\t\t\t<\/div>\n\t\t<\/section>\n\t\t\t\t<section class=\"elementor-section elementor-top-section elementor-element elementor-element-8420e26 elementor-section-boxed elementor-section-height-default elementor-section-height-default\" data-id=\"8420e26\" data-element_type=\"section\" data-e-type=\"section\">\n\t\t\t\t\t\t<div class=\"elementor-container elementor-column-gap-default\">\n\t\t\t\t\t<div class=\"elementor-column elementor-col-100 elementor-top-column elementor-element elementor-element-409adf0\" data-id=\"409adf0\" data-element_type=\"column\" data-e-type=\"column\">\n\t\t\t<div class=\"elementor-widget-wrap elementor-element-populated\">\n\t\t\t\t\t\t<div class=\"elementor-element elementor-element-0700c04 elementor-widget elementor-widget-text-editor\" data-id=\"0700c04\" data-element_type=\"widget\" data-e-type=\"widget\" data-widget_type=\"text-editor.default\">\n\t\t\t\t\t\t\t\t\t<p>\u00a0 \u00a1Benviguts al nostre blog sobre <strong>Menorca<\/strong> i els serveis de <strong>lloguer de cotxes de Menorcarent<\/strong>! En aquest espai, explorarem els encants d&#8217;aquesta bella illa balear i com aprofitar al m\u00e0xim la vostra visita amb la llibertat i comoditat que ofereix un cotxe de lloguer. Des de les seves platges d&#8217;aig\u00fces cristal\u00b7lines fins als seus pobles amb encant, us convidem a descobrir tots els racons que fan de Menorca un dest\u00ed inoblidable. Acompanyeu-nos en aquesta aventura!<\/p>\t\t\t\t\t\t\t\t<\/div>\n\t\t\t\t\t<\/div>\n\t\t<\/div>\n\t\t\t\t\t<\/div>\n\t\t<\/section>\n\t\t\t\t<section class=\"elementor-section elementor-top-section elementor-element elementor-element-4b11b9e elementor-section-boxed elementor-section-height-default elementor-section-height-default\" data-id=\"4b11b9e\" data-element_type=\"section\" data-e-type=\"section\">\n\t\t\t\t\t\t<div class=\"elementor-container elementor-column-gap-default\">\n\t\t\t\t\t<div class=\"elementor-column elementor-col-100 elementor-top-column elementor-element elementor-element-4d42402\" data-id=\"4d42402\" data-element_type=\"column\" data-e-type=\"column\">\n\t\t\t<div class=\"elementor-widget-wrap elementor-element-populated\">\n\t\t\t\t\t\t<div class=\"elementor-element elementor-element-de8935b elementor-grid-3 elementor-grid-tablet-2 elementor-grid-mobile-1 elementor-posts--thumbnail-top elementor-posts--show-avatar elementor-card-shadow-yes elementor-posts__hover-gradient elementor-widget elementor-widget-posts\" data-id=\"de8935b\" data-element_type=\"widget\" data-e-type=\"widget\" data-settings=\"{&quot;cards_columns&quot;:&quot;3&quot;,&quot;cards_columns_tablet&quot;:&quot;2&quot;,&quot;cards_columns_mobile&quot;:&quot;1&quot;,&quot;cards_row_gap&quot;:{&quot;unit&quot;:&quot;px&quot;,&quot;size&quot;:35,&quot;sizes&quot;:[]},&quot;cards_row_gap_tablet&quot;:{&quot;unit&quot;:&quot;px&quot;,&quot;size&quot;:&quot;&quot;,&quot;sizes&quot;:[]},&quot;cards_row_gap_mobile&quot;:{&quot;unit&quot;:&quot;px&quot;,&quot;size&quot;:&quot;&quot;,&quot;sizes&quot;:[]}}\" data-widget_type=\"posts.cards\">\n\t\t\t\t<div class=\"elementor-widget-container\">\n\t\t\t\t\t\t\t<div class=\"elementor-posts-container elementor-posts elementor-posts--skin-cards elementor-grid\">\n\t\t\t\t<article class=\"elementor-post elementor-grid-item post-1172 post type-post status-publish format-standard has-post-thumbnail hentry category-uncategorized-ca\">\n\t\t\t<div class=\"elementor-post__card\">\n\t\t\t\t<a class=\"elementor-post__thumbnail__link\" href=\"https:\/\/www.menorcarent.com\/ca\/cotxes_ocasio.htm\"><div class=\"elementor-post__thumbnail\"><img fetchpriority=\"high\" decoding=\"async\" width=\"300\" height=\"191\" src=\"https:\/\/www.menorcarent.com\/wp-content\/uploads\/2022\/09\/venta-de-coches-menorca-300x191.jpg\" class=\"attachment-medium size-medium wp-image-934\" alt=\"Venta de coches en Menorca\" srcset=\"https:\/\/www.menorcarent.com\/wp-content\/uploads\/2022\/09\/venta-de-coches-menorca-300x191.jpg 300w, https:\/\/www.menorcarent.com\/wp-content\/uploads\/2022\/09\/venta-de-coches-menorca.jpg 550w\" sizes=\"(max-width: 300px) 100vw, 300px\" \/><\/div><\/a>\n\t\t\t\t<div class=\"elementor-post__badge\">Uncategorized @ca<\/div>\n\t\t\t\t<div class=\"elementor-post__avatar\">\n\t\t\t<img alt='menorcarent' src='https:\/\/secure.gravatar.com\/avatar\/4bc578a4e057e98899f772508ed903f21eb7d8131eb6b53d87a714afd1310abc?s=128&#038;d=mm&#038;r=g' srcset='https:\/\/secure.gravatar.com\/avatar\/4bc578a4e057e98899f772508ed903f21eb7d8131eb6b53d87a714afd1310abc?s=256&#038;d=mm&#038;r=g 2x' class='avatar avatar-128 photo' height='128' width='128' \/>\t\t<\/div>\n\t\t\t\t<div class=\"elementor-post__text\">\n\t\t\t\t<h3 class=\"elementor-post__title\">\n\t\t\t<a href=\"https:\/\/www.menorcarent.com\/ca\/cotxes_ocasio.htm\">\n\t\t\t\tCotxes ocasi\u00f3 Menorca\t\t\t<\/a>\n\t\t<\/h3>\n\t\t\t\t<div class=\"elementor-post__excerpt\">\n\t\t\t<p>Cotxes ocasi\u00f3 Menorca- vehicles de segona m\u00e0:Vehicles procedetes del lloguer cotxes Menorca, revisats peri\u00f2dicament durant la seva vida de lloguer, revisats i garantits per a<\/p>\n\t\t<\/div>\n\t\t\n\t\t<a class=\"elementor-post__read-more\" href=\"https:\/\/www.menorcarent.com\/ca\/cotxes_ocasio.htm\">\n\t\t\tRead More \u00bb\t\t<\/a>\n\n\t\t\t\t<\/div>\n\t\t\t\t<div class=\"elementor-post__meta-data\">\n\t\t\t\t\t<span class=\"elementor-post-date\">\n\t\t\t19 de gener de 2023\t\t<\/span>\n\t\t\t\t<span class=\"elementor-post-avatar\">\n\t\t\tNo hi ha comentaris\t\t<\/span>\n\t\t\t\t<\/div>\n\t\t\t\t\t<\/div>\n\t\t<\/article>\n\t\t\t\t<\/div>\n\n\n\t\t\n\t\t\t\t\t\t<\/div>\n\t\t\t\t<\/div>\n\t\t\t\t\t<\/div>\n\t\t<\/div>\n\t\t\t\t\t<\/div>\n\t\t<\/section>\n\t\t\t\t<\/div>\n\t\t","protected":false},"excerpt":{"rendered":"<p>Blog &#8211; Lloguer Cotxes Menorca \u00a0 \u00a1Benviguts al nostre blog sobre Menorca i els serveis de lloguer de cotxes de Menorcarent! En aquest espai, explorarem els encants d&#8217;aquesta bella illa balear i com aprofitar al m\u00e0xim la vostra visita amb la llibertat i comoditat que ofereix un cotxe de lloguer. Des de les seves platges<\/p>\n","protected":false},"author":1,"featured_media":3853,"parent":0,"menu_order":0,"comment_status":"closed","ping_status":"closed","template":"elementor_theme","meta":{"footnotes":""},"class_list":["post-4996","page","type-page","status-publish","has-post-thumbnail","hentry"],"_links":{"self":[{"href":"https:\/\/www.menorcarent.com\/ca\/wp-json\/wp\/v2\/pages\/4996","targetHints":{"allow":["GET"]}}],"collection":[{"href":"https:\/\/www.menorcarent.com\/ca\/wp-json\/wp\/v2\/pages"}],"about":[{"href":"https:\/\/www.menorcarent.com\/ca\/wp-json\/wp\/v2\/types\/page"}],"author":[{"embeddable":true,"href":"https:\/\/www.menorcarent.com\/ca\/wp-json\/wp\/v2\/users\/1"}],"replies":[{"embeddable":true,"href":"https:\/\/www.menorcarent.com\/ca\/wp-json\/wp\/v2\/comments?post=4996"}],"version-history":[{"count":11,"href":"https:\/\/www.menorcarent.com\/ca\/wp-json\/wp\/v2\/pages\/4996\/revisions"}],"predecessor-version":[{"id":8648,"href":"https:\/\/www.menorcarent.com\/ca\/wp-json\/wp\/v2\/pages\/4996\/revisions\/8648"}],"wp:featuredmedia":[{"embeddable":true,"href":"https:\/\/www.menorcarent.com\/ca\/wp-json\/wp\/v2\/media\/3853"}],"wp:attachment":[{"href":"https:\/\/www.menorcarent.com\/ca\/wp-json\/wp\/v2\/media?parent=4996"}],"curies":[{"name":"wp","href":"https:\/\/api.w.org\/{rel}","templated":true}]}}