{"id":7921,"date":"2024-11-30T14:00:04","date_gmt":"2024-11-30T12:00:04","guid":{"rendered":"https:\/\/www.menorcarent.com\/?page_id=7921"},"modified":"2026-04-01T09:01:05","modified_gmt":"2026-04-01T07:01:05","slug":"autoentrega-menorca","status":"publish","type":"page","link":"https:\/\/www.menorcarent.com\/ca\/autoentrega-menorca\/","title":{"rendered":"Autoentrega Menorca"},"content":{"rendered":"\t\t<div data-elementor-type=\"wp-page\" data-elementor-id=\"7921\" class=\"elementor elementor-7921 elementor-5731\">\n\t\t\t\t\t\t<section class=\"elementor-section elementor-top-section elementor-element elementor-element-abfd5dc elementor-section-boxed elementor-section-height-default elementor-section-height-default\" data-id=\"abfd5dc\" data-element_type=\"section\" data-e-type=\"section\">\n\t\t\t\t\t\t<div class=\"elementor-container elementor-column-gap-default\">\n\t\t\t\t\t<div class=\"elementor-column elementor-col-100 elementor-top-column elementor-element elementor-element-ea9d603\" data-id=\"ea9d603\" data-element_type=\"column\" data-e-type=\"column\">\n\t\t\t<div class=\"elementor-widget-wrap\">\n\t\t\t\t\t\t\t<\/div>\n\t\t<\/div>\n\t\t\t\t\t<\/div>\n\t\t<\/section>\n\t\t\t\t<section class=\"elementor-section elementor-top-section elementor-element elementor-element-666e2f1 elementor-section-boxed elementor-section-height-default elementor-section-height-default\" data-id=\"666e2f1\" data-element_type=\"section\" data-e-type=\"section\">\n\t\t\t\t\t\t<div class=\"elementor-container elementor-column-gap-default\">\n\t\t\t\t\t<div class=\"elementor-column elementor-col-100 elementor-top-column elementor-element elementor-element-e232a90\" data-id=\"e232a90\" data-element_type=\"column\" data-e-type=\"column\">\n\t\t\t<div class=\"elementor-widget-wrap elementor-element-populated\">\n\t\t\t\t\t\t<div class=\"elementor-element elementor-element-bad4a1e elementor-widget__width-inherit elementor-widget elementor-widget-heading\" data-id=\"bad4a1e\" data-element_type=\"widget\" data-e-type=\"widget\" data-widget_type=\"heading.default\">\n\t\t\t\t\t<h1 class=\"elementor-heading-title elementor-size-default\">AUTO-ENTREGA KEY&amp;GO MENORCARENT<\/h1>\t\t\t\t<\/div>\n\t\t\t\t\t<\/div>\n\t\t<\/div>\n\t\t\t\t\t<\/div>\n\t\t<\/section>\n\t\t\t\t<section class=\"elementor-section elementor-top-section elementor-element elementor-element-227585f elementor-section-boxed elementor-section-height-default elementor-section-height-default\" data-id=\"227585f\" data-element_type=\"section\" data-e-type=\"section\">\n\t\t\t\t\t\t<div class=\"elementor-container elementor-column-gap-default\">\n\t\t\t\t\t<div class=\"elementor-column elementor-col-100 elementor-top-column elementor-element elementor-element-960c55e\" data-id=\"960c55e\" data-element_type=\"column\" data-e-type=\"column\">\n\t\t\t<div class=\"elementor-widget-wrap elementor-element-populated\">\n\t\t\t\t\t\t<div class=\"elementor-element elementor-element-e4e7256 elementor-widget elementor-widget-text-editor\" data-id=\"e4e7256\" data-element_type=\"widget\" data-e-type=\"widget\" data-widget_type=\"text-editor.default\">\n\t\t\t\t\t\t\t\t\t<p style=\"text-align: center;\">Recull el teu cotxe de lloguer a Menorca a qualsevol hora \u2013 F\u00e0cil i flexible!<\/p>\t\t\t\t\t\t\t\t<\/div>\n\t\t\t\t\t<\/div>\n\t\t<\/div>\n\t\t\t\t\t<\/div>\n\t\t<\/section>\n\t\t\t\t<section class=\"elementor-section elementor-top-section elementor-element elementor-element-cfbb60c elementor-section-boxed elementor-section-height-default elementor-section-height-default\" data-id=\"cfbb60c\" data-element_type=\"section\" data-e-type=\"section\">\n\t\t\t\t\t\t<div class=\"elementor-container elementor-column-gap-default\">\n\t\t\t\t\t<div class=\"elementor-column elementor-col-100 elementor-top-column elementor-element elementor-element-9783a9c\" data-id=\"9783a9c\" data-element_type=\"column\" data-e-type=\"column\">\n\t\t\t<div class=\"elementor-widget-wrap\">\n\t\t\t\t\t\t\t<\/div>\n\t\t<\/div>\n\t\t\t\t\t<\/div>\n\t\t<\/section>\n\t\t\t\t<section class=\"elementor-section elementor-top-section elementor-element elementor-element-ecc9faa elementor-section-boxed elementor-section-height-default elementor-section-height-default\" data-id=\"ecc9faa\" data-element_type=\"section\" data-e-type=\"section\">\n\t\t\t\t\t\t<div class=\"elementor-container elementor-column-gap-default\">\n\t\t\t\t\t<div class=\"elementor-column elementor-col-50 elementor-top-column elementor-element elementor-element-ecb6194\" data-id=\"ecb6194\" data-element_type=\"column\" data-e-type=\"column\">\n\t\t\t<div class=\"elementor-widget-wrap elementor-element-populated\">\n\t\t\t\t\t\t<div class=\"elementor-element elementor-element-7ffef1d elementor-widget elementor-widget-image\" data-id=\"7ffef1d\" data-element_type=\"widget\" data-e-type=\"widget\" data-widget_type=\"image.default\">\n\t\t\t\t\t\t\t\t\t\t\t\t\t\t\t<img fetchpriority=\"high\" decoding=\"async\" width=\"640\" height=\"366\" src=\"https:\/\/www.menorcarent.com\/wp-content\/uploads\/2024\/11\/autoentrega.jpg\" class=\"attachment-large size-large wp-image-5734\" alt=\"Autoentrega\" srcset=\"https:\/\/www.menorcarent.com\/wp-content\/uploads\/2024\/11\/autoentrega.jpg 896w, https:\/\/www.menorcarent.com\/wp-content\/uploads\/2024\/11\/autoentrega-300x171.jpg 300w, https:\/\/www.menorcarent.com\/wp-content\/uploads\/2024\/11\/autoentrega-768x439.jpg 768w\" sizes=\"(max-width: 640px) 100vw, 640px\" \/>\t\t\t\t\t\t\t\t\t\t\t\t\t\t\t<\/div>\n\t\t\t\t<div class=\"elementor-element elementor-element-da34914 elementor-widget elementor-widget-text-editor\" data-id=\"da34914\" data-element_type=\"widget\" data-e-type=\"widget\" data-widget_type=\"text-editor.default\">\n\t\t\t\t\t\t\t\t\t<h2><b>AUTOENTREGA<span style=\"color: var( --e-global-color-text ); font-family: var( --e-global-typography-text-font-family ), Sans-serif; background-color: var(--body-bg);\"> Key&amp;Go<\/span><\/b><\/h2>\n<ul>\n<li>\n<p data-start=\"236\" data-end=\"470\"><strong data-start=\"236\" data-end=\"258\">En qu\u00e8 consisteix?<\/strong><\/p>\n<p data-start=\"236\" data-end=\"470\">&nbsp;Amb el nostre servei <strong data-start=\"341\" data-end=\"363\">Key&amp;Go Autoentrega<\/strong>, pots recollir el teu cotxe de lloguer directament al p\u00e0rquing d\u2019arribades de l\u2019aeroport, sense esperes.<\/p>\n<p data-start=\"472\" data-end=\"604\">Abans del teu viatge, ens posarem en contacte amb tu i, el dia de la teva arribada, t\u2019enviarem un missatge per WhatsApp o SMS amb:<\/p>\n<ul data-start=\"605\" data-end=\"734\">\n<li data-start=\"605\" data-end=\"637\">La ubicaci\u00f3 exacta del cotxe<\/li>\n<li data-start=\"638\" data-end=\"665\">Fotografies del vehicle<\/li>\n<li data-start=\"666\" data-end=\"734\">Les instruccions per accedir a les claus i al tiquet de p\u00e0rquing<\/li>\n<\/ul>\n<p data-start=\"736\" data-end=\"897\">Aquest servei et permet ser completament independent, sense necessitat d\u2019esperar un agent i amb total flexibilitat per recollir el teu cotxe quan et convingui.<\/p>\n<p data-start=\"899\" data-end=\"1051\"><strong data-start=\"899\" data-end=\"913\">Important:<\/strong> El cost del p\u00e0rquing de l\u2019aeroport va a c\u00e0rrec del client, amb un preu m\u00e0xim estimat de <strong data-start=\"1002\" data-end=\"1010\">10 \u20ac<\/strong>.<br data-start=\"1011\" data-end=\"1014\"><\/p>\n<\/li>\n<\/ul>\t\t\t\t\t\t\t\t<\/div>\n\t\t\t\t\t<\/div>\n\t\t<\/div>\n\t\t\t\t<div class=\"elementor-column elementor-col-50 elementor-top-column elementor-element elementor-element-5a32052\" data-id=\"5a32052\" data-element_type=\"column\" data-e-type=\"column\">\n\t\t\t<div class=\"elementor-widget-wrap elementor-element-populated\">\n\t\t\t\t\t\t<div class=\"elementor-element elementor-element-5703386 elementor-widget elementor-widget-image\" data-id=\"5703386\" data-element_type=\"widget\" data-e-type=\"widget\" data-widget_type=\"image.default\">\n\t\t\t\t\t\t\t\t\t\t\t\t\t\t\t<img decoding=\"async\" width=\"640\" height=\"366\" src=\"https:\/\/www.menorcarent.com\/wp-content\/uploads\/2024\/11\/entregapresencial.jpg\" class=\"attachment-large size-large wp-image-5739\" alt=\"Venta de coches en Menorca\" srcset=\"https:\/\/www.menorcarent.com\/wp-content\/uploads\/2024\/11\/entregapresencial.jpg 896w, https:\/\/www.menorcarent.com\/wp-content\/uploads\/2024\/11\/entregapresencial-300x171.jpg 300w, https:\/\/www.menorcarent.com\/wp-content\/uploads\/2024\/11\/entregapresencial-768x439.jpg 768w\" sizes=\"(max-width: 640px) 100vw, 640px\" \/>\t\t\t\t\t\t\t\t\t\t\t\t\t\t\t<\/div>\n\t\t\t\t<div class=\"elementor-element elementor-element-be8e70f elementor-widget elementor-widget-text-editor\" data-id=\"be8e70f\" data-element_type=\"widget\" data-e-type=\"widget\" data-widget_type=\"text-editor.default\">\n\t\t\t\t\t\t\t\t\t<h2><b>ENTREGA PRESENCIAL<\/b><\/h2><ul><li><p data-start=\"1088\" data-end=\"1384\"><strong data-start=\"1088\" data-end=\"1110\">En qu\u00e8 consisteix?<\/strong><\/p><p data-start=\"1088\" data-end=\"1384\">Prefereixes una entrega presencial? Un membre del nostre equip t\u2019esperar\u00e0 al punt acordat, generalment al p\u00e0rquing d\u2019arribades o a la terminal de l\u2019aeroport, per lliurar-te el cotxe i assegurar-se que ho tinguis tot a punt per comen\u00e7ar el teu viatge amb tranquil\u00b7litat.<\/p><p data-start=\"1386\" data-end=\"1417\">Durant l\u2019entrega del vehicle:<\/p><ul data-start=\"1418\" data-end=\"1706\"><li data-start=\"1418\" data-end=\"1454\">Et lliurarem les claus del cotxe<\/li><li data-start=\"1455\" data-end=\"1501\">Revisarem conjuntament l\u2019estat del vehicle<\/li><li data-start=\"1502\" data-end=\"1542\">Comprovarem el nivell de combustible<\/li><li data-start=\"1543\" data-end=\"1706\">Respondrem qualsevol dubte sobre el contracte de lloguer, l\u2019asseguran\u00e7a, el funcionament del vehicle o fins i tot sobre els millors llocs per visitar a Menorca<\/li><\/ul><p data-start=\"1708\" data-end=\"1839\">Aquest servei personalitzat \u00e9s ideal per a viatgers que valoren una atenci\u00f3 extra i volen comen\u00e7ar el viatge sense preocupacions.<\/p><p data-start=\"1992\" data-end=\"2066\">\u00a0<\/p><\/li><\/ul>\t\t\t\t\t\t\t\t<\/div>\n\t\t\t\t\t<\/div>\n\t\t<\/div>\n\t\t\t\t\t<\/div>\n\t\t<\/section>\n\t\t\t\t<section class=\"elementor-section elementor-top-section elementor-element elementor-element-7708f64 elementor-section-boxed elementor-section-height-default elementor-section-height-default\" data-id=\"7708f64\" data-element_type=\"section\" data-e-type=\"section\">\n\t\t\t\t\t\t<div class=\"elementor-container elementor-column-gap-default\">\n\t\t\t\t\t<div class=\"elementor-column elementor-col-100 elementor-top-column elementor-element elementor-element-bca5bc1\" data-id=\"bca5bc1\" data-element_type=\"column\" data-e-type=\"column\">\n\t\t\t<div class=\"elementor-widget-wrap elementor-element-populated\">\n\t\t\t\t\t\t<div class=\"elementor-element elementor-element-90e8071 elementor-align-center elementor-widget elementor-widget-button\" data-id=\"90e8071\" data-element_type=\"widget\" data-e-type=\"widget\" data-widget_type=\"button.default\">\n\t\t\t\t\t\t\t\t\t\t<a class=\"elementor-button elementor-button-link elementor-size-sm elementor-animation-shrink\" href=\"https:\/\/www.menorcarent.com\/ca\/#lloguer-cotxes-menorca\">\n\t\t\t\t\t\t<span class=\"elementor-button-content-wrapper\">\n\t\t\t\t\t\t<span class=\"elementor-button-icon\">\n\t\t\t\t<svg aria-hidden=\"true\" class=\"e-font-icon-svg e-fas-car\" viewBox=\"0 0 512 512\" xmlns=\"http:\/\/www.w3.org\/2000\/svg\"><path d=\"M499.99 176h-59.87l-16.64-41.6C406.38 91.63 365.57 64 319.5 64h-127c-46.06 0-86.88 27.63-103.99 70.4L71.87 176H12.01C4.2 176-1.53 183.34.37 190.91l6 24C7.7 220.25 12.5 224 18.01 224h20.07C24.65 235.73 16 252.78 16 272v48c0 16.12 6.16 30.67 16 41.93V416c0 17.67 14.33 32 32 32h32c17.67 0 32-14.33 32-32v-32h256v32c0 17.67 14.33 32 32 32h32c17.67 0 32-14.33 32-32v-54.07c9.84-11.25 16-25.8 16-41.93v-48c0-19.22-8.65-36.27-22.07-48H494c5.51 0 10.31-3.75 11.64-9.09l6-24c1.89-7.57-3.84-14.91-11.65-14.91zm-352.06-17.83c7.29-18.22 24.94-30.17 44.57-30.17h127c19.63 0 37.28 11.95 44.57 30.17L384 208H128l19.93-49.83zM96 319.8c-19.2 0-32-12.76-32-31.9S76.8 256 96 256s48 28.71 48 47.85-28.8 15.95-48 15.95zm320 0c-19.2 0-48 3.19-48-15.95S396.8 256 416 256s32 12.76 32 31.9-12.8 31.9-32 31.9z\"><\/path><\/svg>\t\t\t<\/span>\n\t\t\t\t\t\t\t\t\t<span class=\"elementor-button-text\">Reserva el Teu Cotxe a Menorca Ara!<\/span>\n\t\t\t\t\t<\/span>\n\t\t\t\t\t<\/a>\n\t\t\t\t\t\t\t\t<\/div>\n\t\t\t\t\t<\/div>\n\t\t<\/div>\n\t\t\t\t\t<\/div>\n\t\t<\/section>\n\t\t\t\t<\/div>\n\t\t","protected":false},"excerpt":{"rendered":"<p>AUTO-ENTREGA KEY&amp;GO MENORCARENT Recull el teu cotxe de lloguer a Menorca a qualsevol hora \u2013 F\u00e0cil i flexible! AUTOENTREGA Key&amp;Go En qu\u00e8 consisteix? &nbsp;Amb el nostre servei Key&amp;Go Autoentrega, pots recollir el teu cotxe de lloguer directament al p\u00e0rquing d\u2019arribades de l\u2019aeroport, sense esperes. Abans del teu viatge, ens posarem en contacte amb tu i,<\/p>\n","protected":false},"author":1,"featured_media":0,"parent":0,"menu_order":0,"comment_status":"closed","ping_status":"closed","template":"elementor_header_footer","meta":{"footnotes":""},"class_list":["post-7921","page","type-page","status-publish","hentry"],"_links":{"self":[{"href":"https:\/\/www.menorcarent.com\/ca\/wp-json\/wp\/v2\/pages\/7921","targetHints":{"allow":["GET"]}}],"collection":[{"href":"https:\/\/www.menorcarent.com\/ca\/wp-json\/wp\/v2\/pages"}],"about":[{"href":"https:\/\/www.menorcarent.com\/ca\/wp-json\/wp\/v2\/types\/page"}],"author":[{"embeddable":true,"href":"https:\/\/www.menorcarent.com\/ca\/wp-json\/wp\/v2\/users\/1"}],"replies":[{"embeddable":true,"href":"https:\/\/www.menorcarent.com\/ca\/wp-json\/wp\/v2\/comments?post=7921"}],"version-history":[{"count":16,"href":"https:\/\/www.menorcarent.com\/ca\/wp-json\/wp\/v2\/pages\/7921\/revisions"}],"predecessor-version":[{"id":12189,"href":"https:\/\/www.menorcarent.com\/ca\/wp-json\/wp\/v2\/pages\/7921\/revisions\/12189"}],"wp:attachment":[{"href":"https:\/\/www.menorcarent.com\/ca\/wp-json\/wp\/v2\/media?parent=7921"}],"curies":[{"name":"wp","href":"https:\/\/api.w.org\/{rel}","templated":true}]}}