{"id":1438,"date":"2022-09-08T13:37:30","date_gmt":"2022-09-08T11:37:30","guid":{"rendered":"https:\/\/menorcarent.com\/condiciones-alquiler-de-coches-en-menorcarent\/"},"modified":"2025-02-18T10:43:51","modified_gmt":"2025-02-18T08:43:51","slug":"condiciones-alquiler-de-coches-en-menorcarent","status":"publish","type":"page","link":"https:\/\/www.menorcarent.com\/fr\/condiciones.htm","title":{"rendered":"Conditions Location de voiture en Menorcarent"},"content":{"rendered":"\t\t<div data-elementor-type=\"wp-page\" data-elementor-id=\"1438\" class=\"elementor elementor-1438 elementor-56\">\n\t\t\t\t\t\t<section class=\"elementor-section elementor-top-section elementor-element elementor-element-ccdcb00 elementor-section-full_width elementor-section-height-min-height elementor-section-items-top elementor-section-height-default\" data-id=\"ccdcb00\" data-element_type=\"section\" data-e-type=\"section\" data-settings=\"{&quot;background_background&quot;:&quot;classic&quot;}\">\n\t\t\t\t\t\t<div class=\"elementor-container elementor-column-gap-default\">\n\t\t\t\t\t<div class=\"elementor-column elementor-col-100 elementor-top-column elementor-element elementor-element-de9511c\" data-id=\"de9511c\" data-element_type=\"column\" data-e-type=\"column\">\n\t\t\t<div class=\"elementor-widget-wrap\">\n\t\t\t\t\t\t\t<\/div>\n\t\t<\/div>\n\t\t\t\t\t<\/div>\n\t\t<\/section>\n\t\t\t\t<section class=\"elementor-section elementor-top-section elementor-element elementor-element-76dce614 elementor-section-boxed elementor-section-height-default elementor-section-height-default\" data-id=\"76dce614\" data-element_type=\"section\" data-e-type=\"section\">\n\t\t\t\t\t\t<div class=\"elementor-container elementor-column-gap-default\">\n\t\t\t\t\t<div class=\"elementor-column elementor-col-100 elementor-top-column elementor-element elementor-element-5e350ad9\" data-id=\"5e350ad9\" data-element_type=\"column\" data-e-type=\"column\">\n\t\t\t<div class=\"elementor-widget-wrap elementor-element-populated\">\n\t\t\t\t\t\t<div class=\"elementor-element elementor-element-abe322b elementor-widget elementor-widget-text-editor\" data-id=\"abe322b\" data-element_type=\"widget\" data-e-type=\"widget\" data-widget_type=\"text-editor.default\">\n\t\t\t\t\t\t\t\t\t<h3 data-start=\"124\" data-end=\"186\">\u00a0<\/h3>\n<h1 style=\"text-align: center;\" data-start=\"124\" data-end=\"186\">Conditions G\u00e9n\u00e9rales de Location de Voiture \u00e0 Minorque<\/h1>\n<h3 style=\"text-align: center;\"><strong>Prix et Transparence<\/strong><\/h3>\n<p data-start=\"188\" data-end=\"381\">\u00a0Sur <strong data-start=\"192\" data-end=\"211\">Menorcarent.com<\/strong>, la transparence est notre priorit\u00e9. Gr\u00e2ce \u00e0 notre <strong data-start=\"263\" data-end=\"297\">moteur de r\u00e9servation en ligne<\/strong>, vous verrez <strong data-start=\"311\" data-end=\"331\">le montant exact<\/strong> \u00e0 payer \u00e0 votre arriv\u00e9e, <strong data-start=\"357\" data-end=\"378\">sans frais cach\u00e9s<\/strong>.<\/p>\n<p data-start=\"383\" data-end=\"579\">Si vous souhaitez plus d&rsquo;informations sur la r\u00e9servation. Pour voir les tarifs et la disponibilit\u00e9, cliquez ici : <a href=\"#\" rel=\"noopener\" data-start=\"541\" data-end=\"576\">Location de voiture \u00e0 Minorque<\/a>.<\/p>\n<p data-start=\"581\" data-end=\"867\">\u00a0\u26a0\ufe0f <strong data-start=\"584\" data-end=\"597\">Important<\/strong> : Veuillez entrer les horaires les plus pr\u00e9cis possibles dans notre <strong data-start=\"666\" data-end=\"690\">calculateur en ligne<\/strong> pour obtenir un <strong data-start=\"707\" data-end=\"723\">budget exact<\/strong>. Avec nous, <strong data-start=\"736\" data-end=\"813\">vous ne paierez jamais plus que le montant indiqu\u00e9 lors de la r\u00e9servation<\/strong> \u2013 <strong data-start=\"816\" data-end=\"864\">pas de surprises ni de frais suppl\u00e9mentaires<\/strong>.<\/p>\n<hr data-start=\"869\" data-end=\"874\" \/>\n<h3 style=\"text-align: center;\" data-start=\"876\" data-end=\"917\"><strong data-start=\"878\" data-end=\"915\">Ce qui est inclus dans nos tarifs<\/strong><\/h3>\n<p data-start=\"919\" data-end=\"1149\">\u2705 <strong data-start=\"921\" data-end=\"936\">TVA incluse<\/strong>.<br data-start=\"937\" data-end=\"940\" \/>\u2705 <strong data-start=\"942\" data-end=\"966\">Kilom\u00e9trage illimit\u00e9<\/strong>.<br data-start=\"967\" data-end=\"970\" \/>\u2705 <strong data-start=\"972\" data-end=\"1003\">Deuxi\u00e8me conducteur gratuit<\/strong>.<br data-start=\"1004\" data-end=\"1007\" \/>\u2705 <strong data-start=\"1009\" data-end=\"1047\">Assurance collision sans franchise<\/strong> pour les v\u00e9hicules jusqu&rsquo;\u00e0 <strong data-start=\"1075\" data-end=\"1087\">5 places<\/strong>.<br data-start=\"1088\" data-end=\"1091\" \/>\u2705 <strong data-start=\"1093\" data-end=\"1140\">Assurance collision avec franchise de 300 \u20ac<\/strong> pour :<\/p>\n<ul data-start=\"1150\" data-end=\"1731\">\n<li data-start=\"1150\" data-end=\"1182\"><strong data-start=\"1152\" data-end=\"1179\">V\u00e9hicules 7 et 9 places<\/strong>.<\/li>\n<li data-start=\"1183\" data-end=\"1731\"><strong data-start=\"1185\" data-end=\"1235\">Abarth 500 Cabriolet et Audi du groupe Premium<\/strong>.<br data-start=\"1236\" data-end=\"1239\" \/>\u2705 <strong data-start=\"1241\" data-end=\"1258\">Assurance vol<\/strong> (<em data-start=\"1260\" data-end=\"1321\">valable uniquement si le client conserve la cl\u00e9 du v\u00e9hicule<\/em>).<br data-start=\"1323\" data-end=\"1326\" \/>\u2705 <strong data-start=\"1328\" data-end=\"1351\">Annulation gratuite<\/strong> (<em data-start=\"1353\" data-end=\"1397\">jusqu&rsquo;\u00e0 72 heures avant la prise en charge<\/em>).<br data-start=\"1399\" data-end=\"1402\" \/>\u2705 <strong data-start=\"1404\" data-end=\"1449\">Pas de frais de carburant suppl\u00e9mentaires<\/strong> (<em data-start=\"1451\" data-end=\"1536\">vous devez restituer le v\u00e9hicule avec le m\u00eame niveau de carburant qu&rsquo;\u00e0 la livraison<\/em>).<br data-start=\"1538\" data-end=\"1541\" \/>\u2705 <strong data-start=\"1543\" data-end=\"1574\">Modes de paiement flexibles<\/strong> : <strong data-start=\"1577\" data-end=\"1617\">esp\u00e8ces, carte de cr\u00e9dit ou de d\u00e9bit<\/strong>.<br data-start=\"1618\" data-end=\"1621\" \/>\u2705 <strong data-start=\"1623\" data-end=\"1658\">Carte de cr\u00e9dit non obligatoire<\/strong> pour louer une voiture avec nous.<br data-start=\"1692\" data-end=\"1695\" \/>\u2705 <strong data-start=\"1697\" data-end=\"1728\">Assistance d\u00e9pannage 24h\/24<\/strong>.<\/li>\n<\/ul>\n<hr data-start=\"1733\" data-end=\"1738\" \/>\n<h3 style=\"text-align: center;\" data-start=\"1740\" data-end=\"1787\"><strong data-start=\"1742\" data-end=\"1785\">Ce qui n\u2019est pas inclus dans nos tarifs<\/strong><\/h3>\n<p data-start=\"1789\" data-end=\"2038\">\u274c <strong data-start=\"1791\" data-end=\"1882\">Dommages caus\u00e9s par n\u00e9gligence, conduite imprudente ou sous l&rsquo;effet de l&rsquo;alcool\/drogues<\/strong>.<br data-start=\"1883\" data-end=\"1886\" \/>\u274c <strong data-start=\"1888\" data-end=\"1920\">D\u00e9t\u00e9rioration de l&rsquo;int\u00e9rieur<\/strong>, y compris <strong data-start=\"1932\" data-end=\"1981\">br\u00fblures de cigarettes et dommages aux tissus<\/strong>.<br data-start=\"1982\" data-end=\"1985\" \/>\u274c <strong data-start=\"1987\" data-end=\"2024\">Perte ou dommages aux accessoires<\/strong>, tels que :<\/p>\n<ul data-start=\"2039\" data-end=\"2337\">\n<li data-start=\"2039\" data-end=\"2337\">Cric, triangles de signalisation, gilets r\u00e9fl\u00e9chissants, rehausseurs, si\u00e8ges b\u00e9b\u00e9.<br data-start=\"2123\" data-end=\"2126\" \/>\u274c <strong data-start=\"2128\" data-end=\"2165\">Dommages au moteur par n\u00e9gligence<\/strong>, y compris <strong data-start=\"2177\" data-end=\"2210\">chocs sur le carter inf\u00e9rieur<\/strong>.<br data-start=\"2211\" data-end=\"2214\" \/>\u274c <strong data-start=\"2216\" data-end=\"2241\">Dommages non signal\u00e9s<\/strong> (<em data-start=\"2243\" data-end=\"2272\">consid\u00e9r\u00e9s comme n\u00e9gligence<\/em>).<br data-start=\"2274\" data-end=\"2277\" \/>\u274c <strong data-start=\"2279\" data-end=\"2334\">Vol du v\u00e9hicule si le client ne conserve pas la cl\u00e9<\/strong>.<\/li>\n<\/ul>\n<hr data-start=\"2339\" data-end=\"2344\" \/>\n<h3 style=\"text-align: center;\" data-start=\"2346\" data-end=\"2401\"><strong data-start=\"2348\" data-end=\"2399\">Assurance Totale pour une Tranquillit\u00e9 Maximale<\/strong><\/h3>\n<p data-start=\"2403\" data-end=\"2475\">Pour <strong data-start=\"2408\" data-end=\"2436\">seulement 4,5 \u20ac par jour<\/strong>, notre <strong data-start=\"2444\" data-end=\"2464\">Assurance Totale<\/strong> couvre :<\/p>\n<p data-start=\"2477\" data-end=\"2867\">\u2705 <strong data-start=\"2479\" data-end=\"2522\">Erreur de carburant lors du remplissage<\/strong>.<br data-start=\"2523\" data-end=\"2526\" \/>\u2705 <strong data-start=\"2528\" data-end=\"2561\">Dommages aux cl\u00e9s et serrures<\/strong>.<br data-start=\"2562\" data-end=\"2565\" \/>\u2705 <strong data-start=\"2567\" data-end=\"2623\">Perte ou d\u00e9t\u00e9rioration d&rsquo;antennes et d&rsquo;essuie-glaces<\/strong>.<br data-start=\"2624\" data-end=\"2627\" \/>\u2705 <strong data-start=\"2629\" data-end=\"2665\">Crevaisons et dommages aux pneus<\/strong>.<br data-start=\"2666\" data-end=\"2669\" \/>\u2705 <strong data-start=\"2671\" data-end=\"2718\">Bris de glace et fissures sur le pare-brise<\/strong>.<br data-start=\"2719\" data-end=\"2722\" \/>\u2705 <strong data-start=\"2724\" data-end=\"2772\">Rayures, bosses et dommages \u00e0 la carrosserie<\/strong>.<br data-start=\"2773\" data-end=\"2776\" \/>\u2705 <strong data-start=\"2778\" data-end=\"2815\">R\u00e9troviseurs et phares endommag\u00e9s<\/strong>.<br data-start=\"2816\" data-end=\"2819\" \/>\u2705 <strong data-start=\"2821\" data-end=\"2864\">Perte ou casse de cl\u00e9s et t\u00e9l\u00e9commandes<\/strong>.<\/p>\n<p data-start=\"2869\" data-end=\"2889\">\u26a0\ufe0f <strong data-start=\"2872\" data-end=\"2885\">Attention<\/strong> :<\/p>\n<ul data-start=\"2890\" data-end=\"3082\">\n<li data-start=\"2890\" data-end=\"2986\"><strong data-start=\"2892\" data-end=\"2983\">L&rsquo;Assurance Totale ne dispense pas de signaler tout dommage survenu pendant la location<\/strong>.<\/li>\n<li data-start=\"2987\" data-end=\"3082\"><strong data-start=\"2989\" data-end=\"3079\">Tout dommage non d\u00e9clar\u00e9 pourra \u00eatre consid\u00e9r\u00e9 comme n\u00e9gligence et entra\u00eener des frais<\/strong>.<\/li>\n<\/ul>\n<hr data-start=\"3084\" data-end=\"3089\" \/>\n<h3 style=\"text-align: center;\" data-start=\"3091\" data-end=\"3133\"><strong data-start=\"3093\" data-end=\"3131\">Conditions importantes de location<\/strong><\/h3>\n<p data-start=\"3135\" data-end=\"3288\">\ud83d\udeab <strong data-start=\"3138\" data-end=\"3197\">Interdiction formelle de monter sur le toit du v\u00e9hicule<\/strong>. Tout dommage sera consid\u00e9r\u00e9 comme <strong data-start=\"3233\" data-end=\"3247\">n\u00e9gligence<\/strong> et entra\u00eenera des frais de r\u00e9paration.<\/p>\n<p data-start=\"3290\" data-end=\"3323\">\u26a0\ufe0f <strong data-start=\"3293\" data-end=\"3319\">Amendes et infractions<\/strong> :<\/p>\n<ul data-start=\"3324\" data-end=\"3506\">\n<li data-start=\"3324\" data-end=\"3408\">Toute amende ou infraction au code de la route est <strong data-start=\"3377\" data-end=\"3405\">\u00e0 la charge du locataire<\/strong>.<\/li>\n<li data-start=\"3409\" data-end=\"3506\"><strong data-start=\"3411\" data-end=\"3443\">Des frais de gestion de 15 \u20ac<\/strong> s&rsquo;appliquent pour le traitement des amendes par Menorcarent.<\/li>\n<\/ul>\n<p data-start=\"3508\" data-end=\"3541\">\ud83d\ude97 <strong data-start=\"3511\" data-end=\"3537\">Conditions de location<\/strong> :<\/p>\n<ul data-start=\"3542\" data-end=\"3702\">\n<li data-start=\"3542\" data-end=\"3571\"><strong data-start=\"3544\" data-end=\"3559\">\u00c2ge minimum<\/strong> : 24 ans.<\/li>\n<li data-start=\"3572\" data-end=\"3642\"><strong data-start=\"3574\" data-end=\"3639\">Permis de conduire en cours de validit\u00e9 depuis au moins 2 ans<\/strong>.<\/li>\n<li data-start=\"3643\" data-end=\"3702\"><strong data-start=\"3645\" data-end=\"3666\">Moins de 24 ans ?<\/strong> Contactez-nous avant de r\u00e9server.<\/li>\n<\/ul>\n<p data-start=\"3704\" data-end=\"3730\">\ud83d\udd04 <strong data-start=\"3707\" data-end=\"3726\">Retour anticip\u00e9<\/strong> :<\/p>\n<ul data-start=\"3731\" data-end=\"3820\">\n<li data-start=\"3731\" data-end=\"3820\"><strong data-start=\"3733\" data-end=\"3756\">Aucun remboursement<\/strong> ne sera effectu\u00e9 en cas de restitution anticip\u00e9e du v\u00e9hicule.<\/li>\n<\/ul>\n<p data-start=\"3822\" data-end=\"3857\">\ud83d\ude98 <strong data-start=\"3825\" data-end=\"3853\">Remplacement du v\u00e9hicule<\/strong> :<\/p>\n<ul data-start=\"3858\" data-end=\"4014\">\n<li data-start=\"3858\" data-end=\"4014\">En cas d&rsquo;accident o\u00f9 le locataire <strong data-start=\"3894\" data-end=\"3913\">est responsable<\/strong>, Menorcarent <strong data-start=\"3927\" data-end=\"3950\">se r\u00e9serve le droit<\/strong> de remplacer le v\u00e9hicule par un autre mod\u00e8le \u00e0 sa discr\u00e9tion.<\/li>\n<\/ul>\n<p data-start=\"4016\" data-end=\"4052\">\u26d4 <strong data-start=\"4018\" data-end=\"4048\">Restrictions d&rsquo;utilisation<\/strong> :<\/p>\n<ul data-start=\"4053\" data-end=\"4170\">\n<li data-start=\"4053\" data-end=\"4107\"><strong data-start=\"4055\" data-end=\"4104\">Les v\u00e9hicules ne peuvent pas quitter Minorque<\/strong>.<\/li>\n<li data-start=\"4108\" data-end=\"4170\"><strong data-start=\"4110\" data-end=\"4167\">Les trajets entre les \u00eeles sont strictement interdits<\/strong>.<\/li>\n<\/ul>\n<hr data-start=\"4172\" data-end=\"4177\" \/>\n<h3 style=\"text-align: center;\" data-start=\"4179\" data-end=\"4232\"><strong data-start=\"4181\" data-end=\"4230\">Instructions pour la r\u00e9cup\u00e9ration du v\u00e9hicule<\/strong><\/h3>\n<p data-start=\"4234\" data-end=\"4265\">\ud83d\udccd <strong data-start=\"4237\" data-end=\"4261\">A\u00e9roport de Minorque<\/strong> :<\/p>\n<ul data-start=\"4266\" data-end=\"4505\">\n<li data-start=\"4266\" data-end=\"4396\">Un <strong data-start=\"4271\" data-end=\"4302\">repr\u00e9sentant de Menorcarent<\/strong> vous attendra <strong data-start=\"4317\" data-end=\"4346\">dans le hall des arriv\u00e9es<\/strong>, identifiable gr\u00e2ce \u00e0 un badge de l\u2019entreprise.<\/li>\n<li data-start=\"4397\" data-end=\"4505\">Votre voiture sera <strong data-start=\"4418\" data-end=\"4466\">gar\u00e9e juste en face du terminal des arriv\u00e9es<\/strong>, pr\u00eate pour une r\u00e9cup\u00e9ration rapide.<\/li>\n<\/ul>\n<p data-start=\"4507\" data-end=\"4547\">\ud83d\udccd <strong data-start=\"4510\" data-end=\"4543\">Port de Mah\u00f3n et autres lieux<\/strong> :<\/p>\n<ul data-start=\"4548\" data-end=\"4641\">\n<li data-start=\"4548\" data-end=\"4641\">Le processus sera <strong data-start=\"4568\" data-end=\"4581\">identique<\/strong> pour garantir une prise en charge <strong data-start=\"4616\" data-end=\"4638\">simple et efficace<\/strong>.<\/li>\n<\/ul>\n<p data-start=\"4643\" data-end=\"4780\">\ud83d\udce9 <strong data-start=\"4646\" data-end=\"4681\">Une question ? Contactez-nous !<\/strong> Nous sommes l\u00e0 pour rendre votre exp\u00e9rience de location <strong data-start=\"4738\" data-end=\"4777\">facile, transparente et sans stress<\/strong>.<\/p>\n<p><\/p>\t\t\t\t\t\t\t\t<\/div>\n\t\t\t\t\t<\/div>\n\t\t<\/div>\n\t\t\t\t\t<\/div>\n\t\t<\/section>\n\t\t\t\t<\/div>\n\t\t","protected":false},"excerpt":{"rendered":"<p>\u00a0 Conditions G\u00e9n\u00e9rales de Location de Voiture \u00e0 Minorque Prix et Transparence \u00a0Sur Menorcarent.com, la transparence est notre priorit\u00e9. Gr\u00e2ce \u00e0 notre moteur de r\u00e9servation en ligne, vous verrez le montant exact \u00e0 payer \u00e0 votre arriv\u00e9e, sans frais cach\u00e9s. Si vous souhaitez plus d&rsquo;informations sur la r\u00e9servation. Pour voir les tarifs et la disponibilit\u00e9,<\/p>\n","protected":false},"author":1,"featured_media":0,"parent":0,"menu_order":0,"comment_status":"closed","ping_status":"closed","template":"elementor_header_footer","meta":{"footnotes":""},"class_list":["post-1438","page","type-page","status-publish","hentry"],"_links":{"self":[{"href":"https:\/\/www.menorcarent.com\/fr\/wp-json\/wp\/v2\/pages\/1438","targetHints":{"allow":["GET"]}}],"collection":[{"href":"https:\/\/www.menorcarent.com\/fr\/wp-json\/wp\/v2\/pages"}],"about":[{"href":"https:\/\/www.menorcarent.com\/fr\/wp-json\/wp\/v2\/types\/page"}],"author":[{"embeddable":true,"href":"https:\/\/www.menorcarent.com\/fr\/wp-json\/wp\/v2\/users\/1"}],"replies":[{"embeddable":true,"href":"https:\/\/www.menorcarent.com\/fr\/wp-json\/wp\/v2\/comments?post=1438"}],"version-history":[{"count":12,"href":"https:\/\/www.menorcarent.com\/fr\/wp-json\/wp\/v2\/pages\/1438\/revisions"}],"predecessor-version":[{"id":7841,"href":"https:\/\/www.menorcarent.com\/fr\/wp-json\/wp\/v2\/pages\/1438\/revisions\/7841"}],"wp:attachment":[{"href":"https:\/\/www.menorcarent.com\/fr\/wp-json\/wp\/v2\/media?parent=1438"}],"curies":[{"name":"wp","href":"https:\/\/api.w.org\/{rel}","templated":true}]}}