{"id":1442,"date":"2022-09-15T12:28:08","date_gmt":"2022-09-15T10:28:08","guid":{"rendered":"https:\/\/menorcarent.com\/opiniones-de-menorcarent\/"},"modified":"2025-03-16T22:54:46","modified_gmt":"2025-03-16T20:54:46","slug":"opiniones-de-menorcarent","status":"publish","type":"page","link":"https:\/\/www.menorcarent.com\/fr\/avis-sur-location-voitures-minorque\/","title":{"rendered":"Qui nous sommes"},"content":{"rendered":"\t\t<div data-elementor-type=\"wp-page\" data-elementor-id=\"1442\" class=\"elementor elementor-1442 elementor-433\">\n\t\t\t\t\t\t<section class=\"elementor-section elementor-top-section elementor-element elementor-element-ecc4bcc elementor-section-full_width elementor-section-height-min-height elementor-section-items-top elementor-section-height-default\" data-id=\"ecc4bcc\" data-element_type=\"section\" data-e-type=\"section\" data-settings=\"{&quot;background_background&quot;:&quot;classic&quot;}\">\n\t\t\t\t\t\t<div class=\"elementor-container elementor-column-gap-default\">\n\t\t\t\t\t<div class=\"elementor-column elementor-col-100 elementor-top-column elementor-element elementor-element-c037115\" data-id=\"c037115\" data-element_type=\"column\" data-e-type=\"column\">\n\t\t\t<div class=\"elementor-widget-wrap elementor-element-populated\">\n\t\t\t\t\t\t<div class=\"elementor-element elementor-element-89bf574 elementor-widget__width-inherit elementor-widget elementor-widget-heading\" data-id=\"89bf574\" data-element_type=\"widget\" data-e-type=\"widget\" data-widget_type=\"heading.default\">\n\t\t\t\t\t<h1 class=\"elementor-heading-title elementor-size-default\">Avis sur la location de voitures avec Menorcarent<\/h1>\t\t\t\t<\/div>\n\t\t\t\t\t<\/div>\n\t\t<\/div>\n\t\t\t\t\t<\/div>\n\t\t<\/section>\n\t\t\t\t<section class=\"elementor-section elementor-top-section elementor-element elementor-element-d52db1c elementor-section-boxed elementor-section-height-default elementor-section-height-default\" data-id=\"d52db1c\" data-element_type=\"section\" data-e-type=\"section\">\n\t\t\t\t\t\t<div class=\"elementor-container elementor-column-gap-default\">\n\t\t\t\t\t<div class=\"elementor-column elementor-col-100 elementor-top-column elementor-element elementor-element-5cf988c\" data-id=\"5cf988c\" data-element_type=\"column\" data-e-type=\"column\">\n\t\t\t<div class=\"elementor-widget-wrap elementor-element-populated\">\n\t\t\t\t\t\t<div class=\"elementor-element elementor-element-8678bff elementor-widget-divider--view-line elementor-widget elementor-widget-divider\" data-id=\"8678bff\" data-element_type=\"widget\" data-e-type=\"widget\" data-widget_type=\"divider.default\">\n\t\t\t\t\t\t\t<div class=\"elementor-divider\">\n\t\t\t<span class=\"elementor-divider-separator\">\n\t\t\t\t\t\t<\/span>\n\t\t<\/div>\n\t\t\t\t\t\t<\/div>\n\t\t\t\t<div class=\"elementor-element elementor-element-bdc9265 elementor-widget elementor-widget-heading\" data-id=\"bdc9265\" data-element_type=\"widget\" data-e-type=\"widget\" data-widget_type=\"heading.default\">\n\t\t\t\t\t<h2 class=\"elementor-heading-title elementor-size-default\">MenorcaRent: Avis, Exp\u00e9riences et Fiabilit\u00e9 de notre Service de Location\"<\/h2>\t\t\t\t<\/div>\n\t\t\t\t<div class=\"elementor-element elementor-element-cbb9733 elementor-widget elementor-widget-text-editor\" data-id=\"cbb9733\" data-element_type=\"widget\" data-e-type=\"widget\" data-widget_type=\"text-editor.default\">\n\t\t\t\t\t\t\t\t\t<p>\u00a0<strong>MenorcaR<\/strong><span style=\"background-color: var(--body-bg);\"><strong>ent<\/strong>, est une entreprise familiale\u00a0<\/span><span lang=\"fr\" style=\"background-color: var(--body-bg);\">avec plus de 20 ans d&rsquo;exp\u00e9rience,\u00a0<\/span><span style=\"background-color: var(--body-bg);\">dynamique en croissance et renouvellement continus, ses voitures constamment r\u00e9vis\u00e9es vous emm\u00e8neront dans les meilleurs endroits de notre pr\u00e9cieuse \u00eele de Minorque. Notre m\u00e9thode de travail est bas\u00e9e sur la simplicit\u00e9, au moment o\u00f9 vous avez votre r\u00e9servation de location de voiture Minorque (qui peut \u00eatre effectu\u00e9e en ligne), un repr\u00e9sentant Menorcarent vous attendra \u00e0 l&rsquo;endroit pr\u00e9alablement convenu avec un badge avec le nom Menorcarent , accompagnant le client jusqu&rsquo;au v\u00e9hicule, l\u00e0 il conclura le contrat sans attendre les longues files d&rsquo;attente et sans tracas et en 5 minutes environ, vous pourrez d\u00e9j\u00e0 profiter de vos vacances ou de votre voyage d&rsquo;affaire<\/span><\/p>\t\t\t\t\t\t\t\t<\/div>\n\t\t\t\t\t<\/div>\n\t\t<\/div>\n\t\t\t\t\t<\/div>\n\t\t<\/section>\n\t\t\t\t<section class=\"elementor-section elementor-top-section elementor-element elementor-element-bfdac75 elementor-section-boxed elementor-section-height-default elementor-section-height-default\" data-id=\"bfdac75\" data-element_type=\"section\" data-e-type=\"section\">\n\t\t\t\t\t\t<div class=\"elementor-container elementor-column-gap-default\">\n\t\t\t\t\t<div class=\"elementor-column elementor-col-100 elementor-top-column elementor-element elementor-element-58745e1\" data-id=\"58745e1\" data-element_type=\"column\" data-e-type=\"column\">\n\t\t\t<div class=\"elementor-widget-wrap elementor-element-populated\">\n\t\t\t\t\t\t<div class=\"elementor-element elementor-element-16b7eb6 elementor-widget elementor-widget-heading\" data-id=\"16b7eb6\" data-element_type=\"widget\" data-e-type=\"widget\" data-widget_type=\"heading.default\">\n\t\t\t\t\t<h2 class=\"elementor-heading-title elementor-size-default\">Pourquoi choisir MenorcaRent ? Avis et Avantages de notre Service<\/h2>\t\t\t\t<\/div>\n\t\t\t\t\t<\/div>\n\t\t<\/div>\n\t\t\t\t\t<\/div>\n\t\t<\/section>\n\t\t\t\t<section class=\"elementor-section elementor-top-section elementor-element elementor-element-16fff9f elementor-section-boxed elementor-section-height-default elementor-section-height-default\" data-id=\"16fff9f\" data-element_type=\"section\" data-e-type=\"section\">\n\t\t\t\t\t\t<div class=\"elementor-container elementor-column-gap-default\">\n\t\t\t\t\t<div class=\"elementor-column elementor-col-50 elementor-top-column elementor-element elementor-element-45acfd9\" data-id=\"45acfd9\" data-element_type=\"column\" data-e-type=\"column\">\n\t\t\t<div class=\"elementor-widget-wrap elementor-element-populated\">\n\t\t\t\t\t\t<div class=\"elementor-element elementor-element-d4e0c00 elementor-widget elementor-widget-image\" data-id=\"d4e0c00\" data-element_type=\"widget\" data-e-type=\"widget\" data-widget_type=\"image.default\">\n\t\t\t\t\t\t\t\t\t\t\t\t\t\t\t<img fetchpriority=\"high\" decoding=\"async\" width=\"640\" height=\"604\" src=\"https:\/\/www.menorcarent.com\/wp-content\/uploads\/2025\/03\/Location-Voitures-Minorque-768x725.webp\" class=\"attachment-medium_large size-medium_large wp-image-8059\" alt=\"Avis Location voitures Minorque\" srcset=\"https:\/\/www.menorcarent.com\/wp-content\/uploads\/2025\/03\/Location-Voitures-Minorque-768x725.webp 768w, https:\/\/www.menorcarent.com\/wp-content\/uploads\/2025\/03\/Location-Voitures-Minorque-300x283.webp 300w, https:\/\/www.menorcarent.com\/wp-content\/uploads\/2025\/03\/Location-Voitures-Minorque.webp 800w\" sizes=\"(max-width: 640px) 100vw, 640px\" \/>\t\t\t\t\t\t\t\t\t\t\t\t\t\t\t<\/div>\n\t\t\t\t\t<\/div>\n\t\t<\/div>\n\t\t\t\t<div class=\"elementor-column elementor-col-50 elementor-top-column elementor-element elementor-element-0dc5afb\" data-id=\"0dc5afb\" data-element_type=\"column\" data-e-type=\"column\">\n\t\t\t<div class=\"elementor-widget-wrap elementor-element-populated\">\n\t\t\t\t\t\t<div class=\"elementor-element elementor-element-f8cbb47 elementor-widget elementor-widget-text-editor\" data-id=\"f8cbb47\" data-element_type=\"widget\" data-e-type=\"widget\" data-widget_type=\"text-editor.default\">\n\t\t\t\t\t\t\t\t\t<p data-start=\"276\" data-end=\"584\">\u00a0<\/p><p data-start=\"276\" data-end=\"584\"><strong data-start=\"276\" data-end=\"443\">\u00a0MenorcaRent est l&rsquo;une des soci\u00e9t\u00e9s de location de voitures les plus populaires \u00e0 Minorque, notamment parmi les milliers de touristes qui visitent l&rsquo;\u00eele chaque \u00e9t\u00e9.<\/strong> Bien que Majorque reste la destination phare en mati\u00e8re de r\u00e9servations, explorer le reste de l&rsquo;archipel est toujours une excellente id\u00e9e.<\/p><p data-start=\"586\" data-end=\"867\">Avec toutes les garanties d\u2019un v\u00e9hicule assur\u00e9 tous risques, vous pourrez profiter de vos trajets en toute s\u00e9r\u00e9nit\u00e9, sachant que vous pourrez l\u2019\u00e9changer en cas de panne ou si le mod\u00e8le ne vous convient pas. <strong data-start=\"793\" data-end=\"865\">Id\u00e9al pour vos vacances, nul doute que vous envisagez d\u2019en louer un.<\/strong><\/p><p data-start=\"869\" data-end=\"1234\">MenorcaRent dispose de points de retrait \u00e0 l\u2019a\u00e9roport pour faciliter la prise en charge du v\u00e9hicule par les clients. Gr\u00e2ce \u00e0 son c\u00e9l\u00e8bre service <strong data-start=\"1014\" data-end=\"1024\">Key&amp;Go<\/strong>, chacun peut r\u00e9cup\u00e9rer son v\u00e9hicule \u00e0 l\u2019arriv\u00e9e et\/ou le d\u00e9poser au d\u00e9part en toute simplicit\u00e9. <strong data-start=\"1121\" data-end=\"1232\">Cette flexibilit\u00e9, qui offre une grande libert\u00e9 aux touristes, est l\u2019un des atouts majeurs de l\u2019entreprise.<\/strong><\/p><p data-start=\"1553\" data-end=\"1776\">\u00a0<\/p>\t\t\t\t\t\t\t\t<\/div>\n\t\t\t\t\t<\/div>\n\t\t<\/div>\n\t\t\t\t\t<\/div>\n\t\t<\/section>\n\t\t\t\t<section class=\"elementor-section elementor-top-section elementor-element elementor-element-404d6fc elementor-section-boxed elementor-section-height-default elementor-section-height-default\" data-id=\"404d6fc\" data-element_type=\"section\" data-e-type=\"section\">\n\t\t\t\t\t\t<div class=\"elementor-container elementor-column-gap-default\">\n\t\t\t\t\t<div class=\"elementor-column elementor-col-100 elementor-top-column elementor-element elementor-element-10e1f6a\" data-id=\"10e1f6a\" data-element_type=\"column\" data-e-type=\"column\">\n\t\t\t<div class=\"elementor-widget-wrap elementor-element-populated\">\n\t\t\t\t\t\t<div class=\"elementor-element elementor-element-0d24fca elementor-widget elementor-widget-text-editor\" data-id=\"0d24fca\" data-element_type=\"widget\" data-e-type=\"widget\" data-widget_type=\"text-editor.default\">\n\t\t\t\t\t\t\t\t\t<p data-start=\"1236\" data-end=\"1551\">\u00a0Tout est mis en place pour vous faciliter la vie : vous pouvez obtenir le mod\u00e8le de voiture qui vous pla\u00eet et le restituer au m\u00eame endroit, sans avoir \u00e0 contacter l\u2019entreprise ou un particulier. <strong data-start=\"1431\" data-end=\"1549\">Un v\u00e9ritable gage de tranquillit\u00e9 d\u2019esprit : une fois que vous l\u2019aurez essay\u00e9, vous ne voudrez plus rien d\u2019autre !<\/strong><\/p><p data-start=\"1553\" data-end=\"1776\">\u00a0Les avis des utilisateurs sur la location avec MenorcaRent sont tr\u00e8s positifs, <strong data-start=\"1632\" data-end=\"1774\">prouvant qu\u2019il s\u2019agit d\u2019une entreprise de qualit\u00e9, totalement fiable, et proposant certaines des conditions les plus flexibles du secteur.<\/strong><\/p>\t\t\t\t\t\t\t\t<\/div>\n\t\t\t\t\t<\/div>\n\t\t<\/div>\n\t\t\t\t\t<\/div>\n\t\t<\/section>\n\t\t\t\t<\/div>\n\t\t","protected":false},"excerpt":{"rendered":"<p>Avis sur la location de voitures avec Menorcarent MenorcaRent: Avis, Exp\u00e9riences et Fiabilit\u00e9 de notre Service de Location\u00a0\u00bb \u00a0MenorcaRent, est une entreprise familiale\u00a0avec plus de 20 ans d&rsquo;exp\u00e9rience,\u00a0dynamique en croissance et renouvellement continus, ses voitures constamment r\u00e9vis\u00e9es vous emm\u00e8neront dans les meilleurs endroits de notre pr\u00e9cieuse \u00eele de Minorque. Notre m\u00e9thode de travail est bas\u00e9e<\/p>\n","protected":false},"author":1,"featured_media":0,"parent":0,"menu_order":0,"comment_status":"closed","ping_status":"closed","template":"elementor_header_footer","meta":{"footnotes":""},"class_list":["post-1442","page","type-page","status-publish","hentry"],"_links":{"self":[{"href":"https:\/\/www.menorcarent.com\/fr\/wp-json\/wp\/v2\/pages\/1442","targetHints":{"allow":["GET"]}}],"collection":[{"href":"https:\/\/www.menorcarent.com\/fr\/wp-json\/wp\/v2\/pages"}],"about":[{"href":"https:\/\/www.menorcarent.com\/fr\/wp-json\/wp\/v2\/types\/page"}],"author":[{"embeddable":true,"href":"https:\/\/www.menorcarent.com\/fr\/wp-json\/wp\/v2\/users\/1"}],"replies":[{"embeddable":true,"href":"https:\/\/www.menorcarent.com\/fr\/wp-json\/wp\/v2\/comments?post=1442"}],"version-history":[{"count":22,"href":"https:\/\/www.menorcarent.com\/fr\/wp-json\/wp\/v2\/pages\/1442\/revisions"}],"predecessor-version":[{"id":8084,"href":"https:\/\/www.menorcarent.com\/fr\/wp-json\/wp\/v2\/pages\/1442\/revisions\/8084"}],"wp:attachment":[{"href":"https:\/\/www.menorcarent.com\/fr\/wp-json\/wp\/v2\/media?parent=1442"}],"curies":[{"name":"wp","href":"https:\/\/api.w.org\/{rel}","templated":true}]}}