{"id":3365,"date":"2022-09-08T13:37:28","date_gmt":"2022-09-08T11:37:28","guid":{"rendered":"https:\/\/www.menorcarent.com\/politica-de-cookies\/"},"modified":"2025-06-13T13:23:45","modified_gmt":"2025-06-13T11:23:45","slug":"politica-de-cookies","status":"publish","type":"page","link":"https:\/\/www.menorcarent.com\/fr\/politique-de-cookies.htm","title":{"rendered":"Politique de cookies"},"content":{"rendered":"\t\t<div data-elementor-type=\"wp-page\" data-elementor-id=\"3365\" class=\"elementor elementor-3365 elementor-27\">\n\t\t\t\t\t\t<section class=\"elementor-section elementor-top-section elementor-element elementor-element-1525d638 elementor-section-boxed elementor-section-height-default elementor-section-height-default\" data-id=\"1525d638\" data-element_type=\"section\" data-e-type=\"section\">\n\t\t\t\t\t\t<div class=\"elementor-container elementor-column-gap-default\">\n\t\t\t\t\t<div class=\"elementor-column elementor-col-100 elementor-top-column elementor-element elementor-element-4bb7ac09\" data-id=\"4bb7ac09\" data-element_type=\"column\" data-e-type=\"column\">\n\t\t\t<div class=\"elementor-widget-wrap elementor-element-populated\">\n\t\t\t\t\t\t<div class=\"elementor-element elementor-element-3bab9fef elementor-widget elementor-widget-text-editor\" data-id=\"3bab9fef\" data-element_type=\"widget\" data-e-type=\"widget\" data-widget_type=\"text-editor.default\">\n\t\t\t\t\t\t\t\t\t\n<p><strong>POLITIQUE DE COOKIES<\/strong><\/p>\n<p>Politique en mati\u00e8re de cookies<\/p>\n<p>Il s&rsquo;agit d&rsquo;un avis indiquant que des cookies peuvent \u00eatre utilis\u00e9s sur ce site lorsque l&rsquo;utilisateur navigue sur les diff\u00e9rentes pages du site. En utilisant notre site Internet https:\/\/www.menorcarent.com, vous acceptez et autorisez express\u00e9ment l&rsquo;utilisation de cookies, conform\u00e9ment \u00e0 notre politique de confidentialit\u00e9.<\/p>\n<p>Que sont les cookies ?<\/p>\n<p>Un cookie est un tr\u00e8s petit fichier qui est t\u00e9l\u00e9charg\u00e9 sur l&rsquo;ordinateur\/smartphone\/tablette de l&rsquo;utilisateur lors de l&rsquo;acc\u00e8s \u00e0 certaines pages Web pour stocker et r\u00e9cup\u00e9rer des informations sur la navigation effectu\u00e9e \u00e0 partir dudit \u00e9quipement. Pour en savoir plus sur les cookies :<\/p>\n<p>A quoi servent les cookies ?<\/p>\n<p>L&rsquo;utilisation de cookies a pour but exclusif de m\u00e9moriser les pr\u00e9f\u00e9rences de l&rsquo;utilisateur (langue, pays, login, caract\u00e9ristiques du navigateur, informations sur l&rsquo;utilisation de notre site Web, etc.)<\/p>\n<p>En m\u00e9morisant vos pr\u00e9f\u00e9rences, nous conna\u00eetrons les caract\u00e9ristiques de l&rsquo;ordinateur que vous utilisez et nous pourrons ainsi vous offrir une meilleure exp\u00e9rience de navigation. Les cookies peuvent aider notre site Web \u00e0 distinguer le navigateur de l&rsquo;utilisateur en tant que visiteur pr\u00e9c\u00e9dent et ainsi enregistrer et m\u00e9moriser les pr\u00e9f\u00e9rences qui ont pu \u00eatre d\u00e9finies pendant que l&rsquo;utilisateur naviguait sur le site, personnaliser les pages d&rsquo;accueil, identifier les parties d&rsquo;un site qui ont \u00e9t\u00e9 visit\u00e9es.<\/p>\n<p>Ils peuvent \u00e9galement \u00eatre utilis\u00e9s pour obtenir des informations sur le trafic sur le Web lui-m\u00eame et estimer le nombre de visites effectu\u00e9es.<\/p>\n<p>Les sites Web utilisent normalement des cookies pour obtenir des informations statistiques sur leurs pages Web. Gardez \u00e0 l&rsquo;esprit que nous collectons des donn\u00e9es sur vos d\u00e9placements et l&rsquo;utilisation de notre site Web en tant que donn\u00e9es statistiques et non en tant que donn\u00e9es personnelles.<\/p>\n<p>Types et finalit\u00e9s des cookies<\/p>\n<p>Vous trouverez ci-dessous une liste des cookies que vous pouvez trouver sur notre site Web et une br\u00e8ve description de leur objectif. Nous vous assurons qu&rsquo;aucun d&rsquo;entre eux ne conserve d&rsquo;informations personnellement identifiables vous concernant. Certains cookies personnalisent votre visite, d&rsquo;autres m\u00e9morisent vos pr\u00e9f\u00e9rences, tandis que d&rsquo;autres nous fournissent uniquement des statistiques de fr\u00e9quentation.<\/p>\n<p><strong>COOKIES PROPRES<\/strong><\/p>\n<p><strong>COOKIES TIERS<\/strong>\u00a0: (les informations collect\u00e9es ci-dessous ont \u00e9t\u00e9 fournies par ces tiers)<\/p>\n<p>Analytique : Google Analytics<\/p>\n<p>Nombre de visites, pages ou rubriques visit\u00e9es, temps de navigation, sites visit\u00e9s avant d&rsquo;acc\u00e9der \u00e0 cette page, d\u00e9tails sur les navigateurs utilis\u00e9s.<\/p>\n<p>Rapports statistiques sur le trafic du site Web, son audience totale et l&rsquo;audience d&rsquo;une certaine campagne publicitaire.<\/p>\n<p>Statcounter Nombre de visites, pages ou rubriques visit\u00e9es, temps de navigation, sites visit\u00e9s avant d&rsquo;acc\u00e9der \u00e0 cette page, d\u00e9tails sur les navigateurs utilis\u00e9s. Rapports statistiques sur le trafic du site Web<\/p>\n<p><strong>COOKIES SOCIAUX<\/strong><\/p>\n<p>Social :<\/p>\n<p>Facebook, twitter, google + Liens cr\u00e9\u00e9s pour se connecter aux profils sociaux. Il sert \u00e0 faciliter la diffusion de contenus web sur les r\u00e9seaux sociaux avec un lien unique.<\/p>\n<p>(*) Les informations obtenues gr\u00e2ce \u00e0 ces cookies ne peuvent pas \u00eatre identifi\u00e9es par l&rsquo;utilisateur.<\/p>\n<p>Garanties de protection<\/p>\n<p>L&rsquo;utilisateur peut configurer son navigateur pour qu&rsquo;il accepte ou non les cookies qu&rsquo;il re\u00e7oit ou que le navigateur l&rsquo;avertit lorsqu&rsquo;un serveur souhaite enregistrer un cookie ou les supprimer de son ordinateur. Vous pouvez trouver les instructions dans les param\u00e8tres de s\u00e9curit\u00e9 de votre navigateur Web.<\/p>\n<p>Exemples:<\/p>\n<p>\u2022 Si vous utilisez Microsoft Internet Explorer, dans l&rsquo;option de menu Outils &gt; Options Internet &gt; Confidentialit\u00e9 &gt; Param\u00e8tres.<\/p>\n<p>\u2022 Si vous utilisez Firefox, dans l&rsquo;option de menu Outils &gt; Options &gt; Confidentialit\u00e9 &gt; Cookies.<\/p>\n<p>\u2022 Si vous utilisez Google Chrome, dans l&rsquo;option de menu Param\u00e8tres &gt; Confidentialit\u00e9<\/p>\n<p>\u2022 Si vous utilisez Safari, dans l&rsquo;option de menu Pr\u00e9f\u00e9rences &gt; S\u00e9curit\u00e9<\/p>\n<p>Vous pouvez utiliser la section \u00ab\u00a0Aide\u00a0\u00bb de la barre d&rsquo;outils de la plupart des navigateurs pour modifier les param\u00e8tres de votre ordinateur, cependant, certaines des fonctionnalit\u00e9s de nos services en ligne peuvent ne pas fonctionner ou peuvent \u00eatre plus difficiles d&rsquo;acc\u00e8s si vous refusez tous les cookies.<\/p>\n<p>De nombreux navigateurs vous permettent d&rsquo;activer un mode priv\u00e9 gr\u00e2ce auquel les cookies sont toujours supprim\u00e9s apr\u00e8s votre visite. Selon chaque navigateur, ce mode priv\u00e9 peut avoir des noms diff\u00e9rents, vous trouverez ci-dessous une liste des navigateurs les plus courants et les diff\u00e9rents noms de ce \u00ab mode priv\u00e9 \u00bb :<\/p>\n<p>\u2013 Internet Explorer 8 et sup\u00e9rieur : InPrivate<\/p>\n<p>\u2013 FireFox 3.5 et sup\u00e9rieur : Navigation priv\u00e9e<\/p>\n<p>\u2013 Google Chrome 10 et sup\u00e9rieur : Incognito<\/p>\n<p>\u2013 Safari 2 et sup\u00e9rieur : Navigation priv\u00e9e<\/p>\n<p>\u2013 Opera 10.5 et sup\u00e9rieur : Navigation priv\u00e9e<\/p>\n<p>Veuillez lire attentivement la section d&rsquo;aide de votre navigateur pour en savoir plus sur la fa\u00e7on d&rsquo;activer le \u00ab\u00a0mode priv\u00e9\u00a0\u00bb. Vous pourrez continuer \u00e0 visiter notre site Web m\u00eame si votre navigateur est en \u00ab\u00a0mode priv\u00e9\u00a0\u00bb, cependant, l&rsquo;exp\u00e9rience utilisateur peut ne pas \u00eatre optimale et certains utilitaires peuvent ne pas fonctionner.<\/p>\n\t\t\t\t\t\t\t\t<\/div>\n\t\t\t\t\t<\/div>\n\t\t<\/div>\n\t\t\t\t\t<\/div>\n\t\t<\/section>\n\t\t\t\t<\/div>\n\t\t","protected":false},"excerpt":{"rendered":"<p>POLITIQUE DE COOKIES Politique en mati\u00e8re de cookies Il s&rsquo;agit d&rsquo;un avis indiquant que des cookies peuvent \u00eatre utilis\u00e9s sur ce site lorsque l&rsquo;utilisateur navigue sur les diff\u00e9rentes pages du site. En utilisant notre site Internet https:\/\/www.menorcarent.com, vous acceptez et autorisez express\u00e9ment l&rsquo;utilisation de cookies, conform\u00e9ment \u00e0 notre politique de confidentialit\u00e9. Que sont les cookies<\/p>\n","protected":false},"author":1,"featured_media":0,"parent":0,"menu_order":0,"comment_status":"closed","ping_status":"closed","template":"","meta":{"footnotes":""},"class_list":["post-3365","page","type-page","status-publish","hentry"],"_links":{"self":[{"href":"https:\/\/www.menorcarent.com\/fr\/wp-json\/wp\/v2\/pages\/3365","targetHints":{"allow":["GET"]}}],"collection":[{"href":"https:\/\/www.menorcarent.com\/fr\/wp-json\/wp\/v2\/pages"}],"about":[{"href":"https:\/\/www.menorcarent.com\/fr\/wp-json\/wp\/v2\/types\/page"}],"author":[{"embeddable":true,"href":"https:\/\/www.menorcarent.com\/fr\/wp-json\/wp\/v2\/users\/1"}],"replies":[{"embeddable":true,"href":"https:\/\/www.menorcarent.com\/fr\/wp-json\/wp\/v2\/comments?post=3365"}],"version-history":[{"count":9,"href":"https:\/\/www.menorcarent.com\/fr\/wp-json\/wp\/v2\/pages\/3365\/revisions"}],"predecessor-version":[{"id":8660,"href":"https:\/\/www.menorcarent.com\/fr\/wp-json\/wp\/v2\/pages\/3365\/revisions\/8660"}],"wp:attachment":[{"href":"https:\/\/www.menorcarent.com\/fr\/wp-json\/wp\/v2\/media?parent=3365"}],"curies":[{"name":"wp","href":"https:\/\/api.w.org\/{rel}","templated":true}]}}