{"id":4207,"date":"2023-01-24T15:33:11","date_gmt":"2023-01-24T13:33:11","guid":{"rendered":"https:\/\/www.menorcarent.com\/?page_id=4207"},"modified":"2023-03-24T15:52:11","modified_gmt":"2023-03-24T13:52:11","slug":"location-de-voiture-avec-carte-de-debit","status":"publish","type":"page","link":"https:\/\/www.menorcarent.com\/fr\/location-de-voiture-avec-carte-de-debit.html","title":{"rendered":"Location de voiture avec carte de d\u00e9bit"},"content":{"rendered":"\t\t<div data-elementor-type=\"wp-page\" data-elementor-id=\"4207\" class=\"elementor elementor-4207 elementor-3767\">\n\t\t\t\t\t\t<section class=\"elementor-section elementor-top-section elementor-element elementor-element-1f30de5d elementor-section-full_width elementor-section-height-min-height elementor-section-height-default elementor-section-items-middle\" data-id=\"1f30de5d\" data-element_type=\"section\" data-e-type=\"section\" data-settings=\"{&quot;background_background&quot;:&quot;classic&quot;}\">\n\t\t\t\t\t\t\t<div class=\"elementor-background-overlay\"><\/div>\n\t\t\t\t\t\t\t<div class=\"elementor-container elementor-column-gap-default\">\n\t\t\t\t\t<div class=\"elementor-column elementor-col-100 elementor-top-column elementor-element elementor-element-534ffc58\" data-id=\"534ffc58\" data-element_type=\"column\" data-e-type=\"column\">\n\t\t\t<div class=\"elementor-widget-wrap elementor-element-populated\">\n\t\t\t\t\t\t<section class=\"elementor-section elementor-inner-section elementor-element elementor-element-f032b8b elementor-section-boxed elementor-section-height-default elementor-section-height-default\" data-id=\"f032b8b\" data-element_type=\"section\" data-e-type=\"section\">\n\t\t\t\t\t\t<div class=\"elementor-container elementor-column-gap-default\">\n\t\t\t\t\t<div class=\"elementor-column elementor-col-50 elementor-inner-column elementor-element elementor-element-6763b2ee\" data-id=\"6763b2ee\" data-element_type=\"column\" data-e-type=\"column\">\n\t\t\t<div class=\"elementor-widget-wrap elementor-element-populated\">\n\t\t\t\t\t\t<div class=\"elementor-element elementor-element-36243db elementor-widget elementor-widget-wp-widget-mybooking_rent_engine_selector_widget\" data-id=\"36243db\" data-element_type=\"widget\" data-e-type=\"widget\" data-widget_type=\"wp-widget-mybooking_rent_engine_selector_widget.default\">\n\t\t\t\t<div class=\"elementor-widget-container\">\n\t\t\t\t\t\n<section class=\"mybooking mybooking-selector widget widget_mybooking_renting_engine_selector reservation-step  \">\n  <form\n    id=\"form-selector\"\n    class=\"mybooking-selector_form\"\n    name=\"widget_search_form\"\n    method=\"get\"\n    enctype=\"application\/x-www-form-urlencoded\">\n\n    \n    \n    \n    \n      <\/form>\n<\/section>\n\t\t\t\t<\/div>\n\t\t\t\t<\/div>\n\t\t\t\t\t<\/div>\n\t\t<\/div>\n\t\t\t\t<div class=\"elementor-column elementor-col-50 elementor-inner-column elementor-element elementor-element-583e4874\" data-id=\"583e4874\" data-element_type=\"column\" data-e-type=\"column\">\n\t\t\t<div class=\"elementor-widget-wrap\">\n\t\t\t\t\t\t\t<\/div>\n\t\t<\/div>\n\t\t\t\t\t<\/div>\n\t\t<\/section>\n\t\t\t\t\t<\/div>\n\t\t<\/div>\n\t\t\t\t\t<\/div>\n\t\t<\/section>\n\t\t\t\t<section class=\"elementor-section elementor-top-section elementor-element elementor-element-c73c8a0 elementor-section-boxed elementor-section-height-default elementor-section-height-default\" data-id=\"c73c8a0\" data-element_type=\"section\" data-e-type=\"section\">\n\t\t\t\t\t\t<div class=\"elementor-container elementor-column-gap-default\">\n\t\t\t\t\t<div class=\"elementor-column elementor-col-100 elementor-top-column elementor-element elementor-element-227e84b\" data-id=\"227e84b\" data-element_type=\"column\" data-e-type=\"column\">\n\t\t\t<div class=\"elementor-widget-wrap elementor-element-populated\">\n\t\t\t\t\t\t<div class=\"elementor-element elementor-element-17090fb elementor-widget-divider--view-line elementor-widget elementor-widget-divider\" data-id=\"17090fb\" data-element_type=\"widget\" data-e-type=\"widget\" data-widget_type=\"divider.default\">\n\t\t\t\t\t\t\t<div class=\"elementor-divider\">\n\t\t\t<span class=\"elementor-divider-separator\">\n\t\t\t\t\t\t<\/span>\n\t\t<\/div>\n\t\t\t\t\t\t<\/div>\n\t\t\t\t\t<\/div>\n\t\t<\/div>\n\t\t\t\t\t<\/div>\n\t\t<\/section>\n\t\t\t\t<section class=\"elementor-section elementor-top-section elementor-element elementor-element-1d81141 elementor-section-boxed elementor-section-height-default elementor-section-height-default\" data-id=\"1d81141\" data-element_type=\"section\" data-e-type=\"section\">\n\t\t\t\t\t\t<div class=\"elementor-container elementor-column-gap-default\">\n\t\t\t\t\t<div class=\"elementor-column elementor-col-100 elementor-top-column elementor-element elementor-element-14ebeeb\" data-id=\"14ebeeb\" data-element_type=\"column\" data-e-type=\"column\">\n\t\t\t<div class=\"elementor-widget-wrap elementor-element-populated\">\n\t\t\t\t\t\t<div class=\"elementor-element elementor-element-10a4e15 elementor-widget elementor-widget-heading\" data-id=\"10a4e15\" data-element_type=\"widget\" data-e-type=\"widget\" data-widget_type=\"heading.default\">\n\t\t\t\t\t<h1 class=\"elementor-heading-title elementor-size-default\">Location de voiture avec carte de d\u00e9bit<\/h1>\t\t\t\t<\/div>\n\t\t\t\t<div class=\"elementor-element elementor-element-19c5f2a elementor-widget elementor-widget-text-editor\" data-id=\"19c5f2a\" data-element_type=\"widget\" data-e-type=\"widget\" data-widget_type=\"text-editor.default\">\n\t\t\t\t\t\t\t\t\t<p>Chez Menorca Rent, vous n&rsquo;avez pas \u00e0 vous inqui\u00e9ter si vous n&rsquo;avez pas de carte de cr\u00e9dit pour louer votre voiture, car contrairement \u00e0 la plupart des soci\u00e9t\u00e9s de location, nous vous proposons ici un service de <strong>location de voiture par carte de d\u00e9bit<\/strong>. Nous voulons vous offrir tout le confort et les facilit\u00e9s pour louer votre v\u00e9hicule, ainsi la carte ne sera pas un probl\u00e8me. <strong>Nous acceptons \u00e9galement le paiement en esp\u00e8ces<\/strong>.<\/p><p>Car nous sommes conscients que les personnes disposant d&rsquo;une carte bancaire sont limit\u00e9es, notamment chez le jeune public. Les commissions \u00e9lev\u00e9es pr\u00e9lev\u00e9es par les \u00e9tablissements de cr\u00e9dit pour disposer de ce type de carte conduisent \u00e0 rechercher d&rsquo;autres alternatives, la carte de d\u00e9bit \u00e9tant la meilleure solution.<\/p><p>Si tel est votre cas, chez Menorca Rent, vous pouvez louer une voiture avec une carte de d\u00e9bit, sans avoir \u00e0 vous soucier de votre carte.<\/p>\t\t\t\t\t\t\t\t<\/div>\n\t\t\t\t\t<\/div>\n\t\t<\/div>\n\t\t\t\t\t<\/div>\n\t\t<\/section>\n\t\t\t\t<section class=\"elementor-section elementor-top-section elementor-element elementor-element-fc7b548 elementor-section-boxed elementor-section-height-default elementor-section-height-default\" data-id=\"fc7b548\" data-element_type=\"section\" data-e-type=\"section\">\n\t\t\t\t\t\t<div class=\"elementor-container elementor-column-gap-default\">\n\t\t\t\t\t<div class=\"elementor-column elementor-col-25 elementor-top-column elementor-element elementor-element-b8afabd\" data-id=\"b8afabd\" data-element_type=\"column\" data-e-type=\"column\">\n\t\t\t<div class=\"elementor-widget-wrap elementor-element-populated\">\n\t\t\t\t\t\t<div class=\"elementor-element elementor-element-3a9876e elementor-widget elementor-widget-heading\" data-id=\"3a9876e\" data-element_type=\"widget\" data-e-type=\"widget\" data-widget_type=\"heading.default\">\n\t\t\t\t\t<h4 class=\"elementor-heading-title elementor-size-default\">Location voitures de sport cabriolet<\/h4>\t\t\t\t<\/div>\n\t\t\t\t<div class=\"elementor-element elementor-element-00fb1d0 elementor-invisible elementor-widget elementor-widget-image\" data-id=\"00fb1d0\" data-element_type=\"widget\" data-e-type=\"widget\" data-settings=\"{&quot;_animation&quot;:&quot;fadeIn&quot;}\" data-widget_type=\"image.default\">\n\t\t\t\t\t\t\t\t\t\t\t\t\t\t\t<img fetchpriority=\"high\" decoding=\"async\" width=\"320\" height=\"172\" src=\"https:\/\/www.menorcarent.com\/wp-content\/uploads\/2023\/02\/abarth-595c_11zon.jpg\" class=\"attachment-large size-large wp-image-4030\" alt=\"Abarth 500 1.4 sequencial cabrio\" srcset=\"https:\/\/www.menorcarent.com\/wp-content\/uploads\/2023\/02\/abarth-595c_11zon.jpg 320w, https:\/\/www.menorcarent.com\/wp-content\/uploads\/2023\/02\/abarth-595c_11zon-300x161.jpg 300w\" sizes=\"(max-width: 320px) 100vw, 320px\" \/>\t\t\t\t\t\t\t\t\t\t\t\t\t\t\t<\/div>\n\t\t\t\t\t<\/div>\n\t\t<\/div>\n\t\t\t\t<div class=\"elementor-column elementor-col-25 elementor-top-column elementor-element elementor-element-206b422\" data-id=\"206b422\" data-element_type=\"column\" data-e-type=\"column\">\n\t\t\t<div class=\"elementor-widget-wrap elementor-element-populated\">\n\t\t\t\t\t\t<div class=\"elementor-element elementor-element-267f31f elementor-widget elementor-widget-heading\" data-id=\"267f31f\" data-element_type=\"widget\" data-e-type=\"widget\" data-widget_type=\"heading.default\">\n\t\t\t\t\t<h4 class=\"elementor-heading-title elementor-size-default\">Location de voiture familiale<\/h4>\t\t\t\t<\/div>\n\t\t\t\t<div class=\"elementor-element elementor-element-a7fb7d4 elementor-invisible elementor-widget elementor-widget-image\" data-id=\"a7fb7d4\" data-element_type=\"widget\" data-e-type=\"widget\" data-settings=\"{&quot;_animation&quot;:&quot;fadeIn&quot;}\" data-widget_type=\"image.default\">\n\t\t\t\t\t\t\t\t\t\t\t\t\t\t\t<img decoding=\"async\" width=\"490\" height=\"303\" src=\"https:\/\/www.menorcarent.com\/wp-content\/uploads\/2023\/02\/opel-zafira_11zon.jpg\" class=\"attachment-large size-large wp-image-4015\" alt=\"Opel Zafira 7 plazas\" srcset=\"https:\/\/www.menorcarent.com\/wp-content\/uploads\/2023\/02\/opel-zafira_11zon.jpg 490w, https:\/\/www.menorcarent.com\/wp-content\/uploads\/2023\/02\/opel-zafira_11zon-300x186.jpg 300w\" sizes=\"(max-width: 490px) 100vw, 490px\" \/>\t\t\t\t\t\t\t\t\t\t\t\t\t\t\t<\/div>\n\t\t\t\t\t<\/div>\n\t\t<\/div>\n\t\t\t\t<div class=\"elementor-column elementor-col-25 elementor-top-column elementor-element elementor-element-096bf48\" data-id=\"096bf48\" data-element_type=\"column\" data-e-type=\"column\">\n\t\t\t<div class=\"elementor-widget-wrap elementor-element-populated\">\n\t\t\t\t\t\t<div class=\"elementor-element elementor-element-0037f72 elementor-widget elementor-widget-heading\" data-id=\"0037f72\" data-element_type=\"widget\" data-e-type=\"widget\" data-widget_type=\"heading.default\">\n\t\t\t\t\t<h4 class=\"elementor-heading-title elementor-size-default\">Location de voiture \u00e9conomique<\/h4>\t\t\t\t<\/div>\n\t\t\t\t<div class=\"elementor-element elementor-element-c9cfd98 elementor-invisible elementor-widget elementor-widget-image\" data-id=\"c9cfd98\" data-element_type=\"widget\" data-e-type=\"widget\" data-settings=\"{&quot;_animation&quot;:&quot;fadeIn&quot;}\" data-widget_type=\"image.default\">\n\t\t\t\t\t\t\t\t\t\t\t\t\t\t\t<img decoding=\"async\" width=\"640\" height=\"331\" src=\"https:\/\/www.menorcarent.com\/wp-content\/uploads\/2022\/09\/fiat-panda.jpg\" class=\"attachment-large size-large wp-image-864\" alt=\"\" srcset=\"https:\/\/www.menorcarent.com\/wp-content\/uploads\/2022\/09\/fiat-panda.jpg 800w, https:\/\/www.menorcarent.com\/wp-content\/uploads\/2022\/09\/fiat-panda-300x155.jpg 300w, https:\/\/www.menorcarent.com\/wp-content\/uploads\/2022\/09\/fiat-panda-768x397.jpg 768w\" sizes=\"(max-width: 640px) 100vw, 640px\" \/>\t\t\t\t\t\t\t\t\t\t\t\t\t\t\t<\/div>\n\t\t\t\t\t<\/div>\n\t\t<\/div>\n\t\t\t\t<div class=\"elementor-column elementor-col-25 elementor-top-column elementor-element elementor-element-511c8a6\" data-id=\"511c8a6\" data-element_type=\"column\" data-e-type=\"column\">\n\t\t\t<div class=\"elementor-widget-wrap elementor-element-populated\">\n\t\t\t\t\t\t<div class=\"elementor-element elementor-element-a05d517 elementor-widget elementor-widget-heading\" data-id=\"a05d517\" data-element_type=\"widget\" data-e-type=\"widget\" data-widget_type=\"heading.default\">\n\t\t\t\t\t<h4 class=\"elementor-heading-title elementor-size-default\">Location de voiture Suv automatique<\/h4>\t\t\t\t<\/div>\n\t\t\t\t<div class=\"elementor-element elementor-element-d614b84 elementor-invisible elementor-widget elementor-widget-image\" data-id=\"d614b84\" data-element_type=\"widget\" data-e-type=\"widget\" data-settings=\"{&quot;_animation&quot;:&quot;fadeIn&quot;}\" data-widget_type=\"image.default\">\n\t\t\t\t\t\t\t\t\t\t\t\t\t\t\t<img loading=\"lazy\" decoding=\"async\" width=\"300\" height=\"168\" src=\"https:\/\/www.menorcarent.com\/wp-content\/uploads\/2023\/02\/mg-zs_11zon.jpg\" class=\"attachment-large size-large wp-image-4025\" alt=\"Alquiler coches menorca\" \/>\t\t\t\t\t\t\t\t\t\t\t\t\t\t\t<\/div>\n\t\t\t\t\t<\/div>\n\t\t<\/div>\n\t\t\t\t\t<\/div>\n\t\t<\/section>\n\t\t\t\t<section class=\"elementor-section elementor-top-section elementor-element elementor-element-ca36f79 elementor-section-boxed elementor-section-height-default elementor-section-height-default\" data-id=\"ca36f79\" data-element_type=\"section\" data-e-type=\"section\">\n\t\t\t\t\t\t<div class=\"elementor-container elementor-column-gap-default\">\n\t\t\t\t\t<div class=\"elementor-column elementor-col-100 elementor-top-column elementor-element elementor-element-8f021d6\" data-id=\"8f021d6\" data-element_type=\"column\" data-e-type=\"column\">\n\t\t\t<div class=\"elementor-widget-wrap elementor-element-populated\">\n\t\t\t\t\t\t<div class=\"elementor-element elementor-element-16919e0 elementor-widget elementor-widget-heading\" data-id=\"16919e0\" data-element_type=\"widget\" data-e-type=\"widget\" data-widget_type=\"heading.default\">\n\t\t\t\t\t<h2 class=\"elementor-heading-title elementor-size-default\">Comment louer une voiture avec d\u00e9bit ?<\/h2>\t\t\t\t<\/div>\n\t\t\t\t<div class=\"elementor-element elementor-element-5285062 elementor-widget elementor-widget-text-editor\" data-id=\"5285062\" data-element_type=\"widget\" data-e-type=\"widget\" data-widget_type=\"text-editor.default\">\n\t\t\t\t\t\t\t\t\t<p>Nous voulons que les locations soient faciles et accessibles pour tous les voyageurs, c&rsquo;est pourquoi nous sommes l&rsquo;une des rares soci\u00e9t\u00e9s de location \u00e0 permettre la location de voitures \u00e0 Minorque avec une carte de d\u00e9bit, \u00e0 la fois via notre site Web et dans nos bureaux. Pas besoin d&rsquo;avoir une carte de cr\u00e9dit !<\/p><p>Chez Menorca Rent, aucun montant ne sera retenu lors de la location d&rsquo;une voiture avec une carte de d\u00e9bit, mais nous d\u00e9biterons la carte une fois la location termin\u00e9e, apr\u00e8s la restitution du v\u00e9hicule. En effet, m\u00eame dans les v\u00e9hicules 9 places ou Audi Premium, qui disposent d&rsquo;une franchise de 300 euros, celle-ci ne sera pas retenue.<\/p><p>Pour la location de voiture par carte de d\u00e9bit, nous avons simplement besoin d&rsquo;un num\u00e9ro de carte pour effectuer la r\u00e9servation et \u00e0 ce moment-l\u00e0, la carte pourrait m\u00eame \u00eatre \u00e0 court de fonds. Dans ce cas, vous n&rsquo;avez pas \u00e0 vous inqui\u00e9ter.<\/p><p>De plus, si vous n&rsquo;avez pas de carte de cr\u00e9dit ou de d\u00e9bit, nous acceptons \u00e9galement le paiement de 50 euros en esp\u00e8ces comme paiement et comme caution pour le loyer. Comme nous l&rsquo;avons dit, nous vous offrons toutes les facilit\u00e9s pour louer votre voiture \u00e0 Minorque.<\/p>\t\t\t\t\t\t\t\t<\/div>\n\t\t\t\t\t<\/div>\n\t\t<\/div>\n\t\t\t\t\t<\/div>\n\t\t<\/section>\n\t\t\t\t<section class=\"elementor-section elementor-top-section elementor-element elementor-element-4ed8834 elementor-section-boxed elementor-section-height-default elementor-section-height-default\" data-id=\"4ed8834\" data-element_type=\"section\" data-e-type=\"section\">\n\t\t\t\t\t\t<div class=\"elementor-container elementor-column-gap-default\">\n\t\t\t\t\t<div class=\"elementor-column elementor-col-100 elementor-top-column elementor-element elementor-element-90c7837\" data-id=\"90c7837\" data-element_type=\"column\" data-e-type=\"column\">\n\t\t\t<div class=\"elementor-widget-wrap elementor-element-populated\">\n\t\t\t\t\t\t<div class=\"elementor-element elementor-element-2b5685b elementor-widget elementor-widget-heading\" data-id=\"2b5685b\" data-element_type=\"widget\" data-e-type=\"widget\" data-widget_type=\"heading.default\">\n\t\t\t\t\t<h2 class=\"elementor-heading-title elementor-size-default\">Profitez de la location de voiture \u00e0 Minorque avec une carte de d\u00e9bit<\/h2>\t\t\t\t<\/div>\n\t\t\t\t<div class=\"elementor-element elementor-element-8269c63 elementor-widget elementor-widget-text-editor\" data-id=\"8269c63\" data-element_type=\"widget\" data-e-type=\"widget\" data-widget_type=\"text-editor.default\">\n\t\t\t\t\t\t\t\t\t<p>Si vous venez \u00e0 Minorque en vacances et que vous souhaitez louer un v\u00e9hicule qui vous permette de vous d\u00e9placer et de profiter au maximum de tous les coins de l&rsquo;\u00eele, n&rsquo;h\u00e9sitez pas et profitez des avantages de la location de voiture avec une carte de d\u00e9bit Menorca Rent .<\/p><p>Vous pouvez louer une voiture avec d\u00e9bit \u00e0 Minorque avec n&rsquo;importe quel type de carte, quelle que soit la banque \u00e0 laquelle elle appartient. La seule condition est que la carte soit au nom de la personne titulaire du contrat de location et qu&rsquo;elle n&rsquo;ait pas expir\u00e9.<\/p><p>Comme vous pouvez le constater, il est possible de louer des voitures avec une carte de d\u00e9bit. Trouvez le v\u00e9hicule qui correspond le mieux \u00e0 vos besoins et effectuez votre r\u00e9servation d\u00e8s maintenant. Et si vous avez le moindre doute, contactez-nous et nous vous fournirons toutes les informations et conseils dont vous avez besoin.<\/p>\t\t\t\t\t\t\t\t<\/div>\n\t\t\t\t\t<\/div>\n\t\t<\/div>\n\t\t\t\t\t<\/div>\n\t\t<\/section>\n\t\t\t\t<\/div>\n\t\t","protected":false},"excerpt":{"rendered":"<p>Location de voiture avec carte de d\u00e9bit Chez Menorca Rent, vous n&rsquo;avez pas \u00e0 vous inqui\u00e9ter si vous n&rsquo;avez pas de carte de cr\u00e9dit pour louer votre voiture, car contrairement \u00e0 la plupart des soci\u00e9t\u00e9s de location, nous vous proposons ici un service de location de voiture par carte de d\u00e9bit. Nous voulons vous offrir<\/p>\n","protected":false},"author":1,"featured_media":3287,"parent":0,"menu_order":0,"comment_status":"closed","ping_status":"closed","template":"mybooking-parts\/mybooking-empty.php","meta":{"footnotes":""},"class_list":["post-4207","page","type-page","status-publish","has-post-thumbnail","hentry"],"_links":{"self":[{"href":"https:\/\/www.menorcarent.com\/fr\/wp-json\/wp\/v2\/pages\/4207","targetHints":{"allow":["GET"]}}],"collection":[{"href":"https:\/\/www.menorcarent.com\/fr\/wp-json\/wp\/v2\/pages"}],"about":[{"href":"https:\/\/www.menorcarent.com\/fr\/wp-json\/wp\/v2\/types\/page"}],"author":[{"embeddable":true,"href":"https:\/\/www.menorcarent.com\/fr\/wp-json\/wp\/v2\/users\/1"}],"replies":[{"embeddable":true,"href":"https:\/\/www.menorcarent.com\/fr\/wp-json\/wp\/v2\/comments?post=4207"}],"version-history":[{"count":7,"href":"https:\/\/www.menorcarent.com\/fr\/wp-json\/wp\/v2\/pages\/4207\/revisions"}],"predecessor-version":[{"id":4233,"href":"https:\/\/www.menorcarent.com\/fr\/wp-json\/wp\/v2\/pages\/4207\/revisions\/4233"}],"wp:featuredmedia":[{"embeddable":true,"href":"https:\/\/www.menorcarent.com\/fr\/wp-json\/wp\/v2\/media\/3287"}],"wp:attachment":[{"href":"https:\/\/www.menorcarent.com\/fr\/wp-json\/wp\/v2\/media?parent=4207"}],"curies":[{"name":"wp","href":"https:\/\/api.w.org\/{rel}","templated":true}]}}