{"id":9368,"date":"2024-06-06T21:52:25","date_gmt":"2024-06-06T19:52:25","guid":{"rendered":"https:\/\/www.menorcarent.com\/?page_id=9368"},"modified":"2025-08-15T12:44:10","modified_gmt":"2025-08-15T10:44:10","slug":"politique-dannulation","status":"publish","type":"page","link":"https:\/\/www.menorcarent.com\/fr\/politique-dannulation\/","title":{"rendered":"Politique d&rsquo;annulation"},"content":{"rendered":"\t\t<div data-elementor-type=\"wp-page\" data-elementor-id=\"9368\" class=\"elementor elementor-9368 elementor-5195\">\n\t\t\t\t\t\t<section class=\"elementor-section elementor-top-section elementor-element elementor-element-93778f2 elementor-section-boxed elementor-section-height-default elementor-section-height-default\" data-id=\"93778f2\" data-element_type=\"section\" data-e-type=\"section\">\n\t\t\t\t\t\t<div class=\"elementor-container elementor-column-gap-default\">\n\t\t\t\t\t<div class=\"elementor-column elementor-col-100 elementor-top-column elementor-element elementor-element-946769a\" data-id=\"946769a\" data-element_type=\"column\" data-e-type=\"column\">\n\t\t\t<div class=\"elementor-widget-wrap elementor-element-populated\">\n\t\t\t\t\t\t<div class=\"elementor-element elementor-element-91b607f elementor-widget elementor-widget-html\" data-id=\"91b607f\" data-element_type=\"widget\" data-e-type=\"widget\" data-widget_type=\"html.default\">\n\t\t\t\t\t<section id=\"menorcarent-cancellation-policy\">\r\n  <h2>Politique d\u2019Annulation des R\u00e9servations Menorcarent<\/h2>\r\n  <p>\r\n    Chez Menorcarent location de voitures \u00e0 Minorque, nous comprenons que les plans peuvent changer de mani\u00e8re impr\u00e9vue.\r\n    C\u2019est pourquoi nous offrons une politique d\u2019annulation flexible afin de nous adapter aux besoins de nos clients.\r\n    Vous trouverez ci-dessous nos conditions d\u2019annulation :\r\n  <\/p>\r\n\r\n  <h3>R\u00e9servations avec Paiement \u00e0 la Prise en Charge<\/h3>\r\n  <ul>\r\n    <li><strong>Annulations Anticip\u00e9es :<\/strong> Vous pouvez annuler sans frais jusqu\u2019\u00e0 72 heures avant la date et l\u2019heure pr\u00e9vues pour la prise en charge du v\u00e9hicule.<\/li>\r\n    <li><strong>Annulations Tardives :<\/strong> Si l\u2019annulation est effectu\u00e9e moins de 72 heures \u00e0 l\u2019avance, une p\u00e9nalit\u00e9 de 50 \u20ac sera appliqu\u00e9e.<\/li>\r\n  <\/ul>\r\n\r\n  <h3>R\u00e9servations Pr\u00e9pay\u00e9es<\/h3>\r\n  <ul>\r\n    <li><strong>Annulations Anticip\u00e9es :<\/strong> Vous pouvez annuler jusqu\u2019\u00e0 72 heures avant la date et l\u2019heure pr\u00e9vues. Le montant vers\u00e9 sera rembours\u00e9 moins 50 \u20ac pour frais administratifs.<\/li>\r\n    <li><strong>Annulations Tardives :<\/strong> Si l\u2019annulation est effectu\u00e9e moins de 72 heures \u00e0 l\u2019avance, le montant pr\u00e9pay\u00e9 ne sera pas rembours\u00e9.<\/li>\r\n  <\/ul>\r\n\r\n  <h3>Comment Annuler une R\u00e9servation<\/h3>\r\n  <p>Pour annuler votre r\u00e9servation, vous pouvez nous contacter par :<\/p>\r\n  <ul>\r\n    <li>Email : <a href=\"mailto:menorcarent@gmail.com\">menorcarent@gmail.com<\/a> (en r\u00e9pondant \u00e0 la confirmation de r\u00e9servation ou en envoyant un nouvel email).<\/li>\r\n  <\/ul>\r\n  <p>Veuillez avoir votre num\u00e9ro de r\u00e9servation \u00e0 port\u00e9e de main pour faciliter le processus.<\/p>\r\n\r\n  <h3>Note Importante<\/h3>\r\n  <p>\r\n    Les politiques d\u2019annulation peuvent varier en fonction de l\u2019offre sp\u00e9cifique ou de la saison.\r\n    Nous vous recommandons de v\u00e9rifier les conditions de votre r\u00e9servation au moment de la confirmation.\r\n  <\/p>\r\n  <p>\r\n    En cas de non-pr\u00e9sentation pour la prise en charge du v\u00e9hicule sans annulation pr\u00e9alable,\r\n    une p\u00e9nalit\u00e9 de 50 \u20ac sera appliqu\u00e9e (pour les r\u00e9servations avec paiement \u00e0 la prise en charge) et aucun remboursement ne sera effectu\u00e9 (pour les r\u00e9servations pr\u00e9pay\u00e9es).\r\n  <\/p>\r\n\r\n  <p>\r\n    Nous vous remercions de votre compr\u00e9hension et de votre coop\u00e9ration. Chez Menorcarent location de voitures \u00e0 Minorque,\r\n    nous nous effor\u00e7ons de vous offrir le meilleur service et la plus grande flexibilit\u00e9 possible pour votre confort.\r\n  <\/p>\r\n<\/section>\r\n\t\t\t\t<\/div>\n\t\t\t\t\t<\/div>\n\t\t<\/div>\n\t\t\t\t\t<\/div>\n\t\t<\/section>\n\t\t\t\t<\/div>\n\t\t","protected":false},"excerpt":{"rendered":"<p>Politique d\u2019Annulation des R\u00e9servations Menorcarent Chez Menorcarent location de voitures \u00e0 Minorque, nous comprenons que les plans peuvent changer de mani\u00e8re impr\u00e9vue. C\u2019est pourquoi nous offrons une politique d\u2019annulation flexible afin de nous adapter aux besoins de nos clients. Vous trouverez ci-dessous nos conditions d\u2019annulation : R\u00e9servations avec Paiement \u00e0 la Prise en Charge Annulations<\/p>\n","protected":false},"author":1,"featured_media":0,"parent":0,"menu_order":0,"comment_status":"closed","ping_status":"closed","template":"elementor_header_footer","meta":{"footnotes":""},"class_list":["post-9368","page","type-page","status-publish","hentry"],"_links":{"self":[{"href":"https:\/\/www.menorcarent.com\/fr\/wp-json\/wp\/v2\/pages\/9368","targetHints":{"allow":["GET"]}}],"collection":[{"href":"https:\/\/www.menorcarent.com\/fr\/wp-json\/wp\/v2\/pages"}],"about":[{"href":"https:\/\/www.menorcarent.com\/fr\/wp-json\/wp\/v2\/types\/page"}],"author":[{"embeddable":true,"href":"https:\/\/www.menorcarent.com\/fr\/wp-json\/wp\/v2\/users\/1"}],"replies":[{"embeddable":true,"href":"https:\/\/www.menorcarent.com\/fr\/wp-json\/wp\/v2\/comments?post=9368"}],"version-history":[{"count":5,"href":"https:\/\/www.menorcarent.com\/fr\/wp-json\/wp\/v2\/pages\/9368\/revisions"}],"predecessor-version":[{"id":9386,"href":"https:\/\/www.menorcarent.com\/fr\/wp-json\/wp\/v2\/pages\/9368\/revisions\/9386"}],"wp:attachment":[{"href":"https:\/\/www.menorcarent.com\/fr\/wp-json\/wp\/v2\/media?parent=9368"}],"curies":[{"name":"wp","href":"https:\/\/api.w.org\/{rel}","templated":true}]}}