{"id":1355,"date":"2022-09-15T12:35:34","date_gmt":"2022-09-15T10:35:34","guid":{"rendered":"https:\/\/menorcarent.com\/alquiler-de-coches-baratos-en-menorca\/"},"modified":"2025-02-05T14:56:36","modified_gmt":"2025-02-05T12:56:36","slug":"alquiler-de-coches-baratos-en-menorca","status":"publish","type":"page","link":"https:\/\/www.menorcarent.com\/it\/autonoleggio-minorca-lowcost.htm","title":{"rendered":"Noleggio auto lowcost"},"content":{"rendered":"\t\t<div data-elementor-type=\"wp-page\" data-elementor-id=\"1355\" class=\"elementor elementor-1355 elementor-445\">\n\t\t\t\t\t\t<section class=\"elementor-section elementor-top-section elementor-element elementor-element-253975f elementor-section-height-min-height elementor-section-boxed elementor-section-height-default elementor-section-items-middle\" data-id=\"253975f\" data-element_type=\"section\" data-e-type=\"section\">\n\t\t\t\t\t\t\t<div class=\"elementor-background-overlay\"><\/div>\n\t\t\t\t\t\t\t<div class=\"elementor-container elementor-column-gap-default\">\n\t\t\t\t\t<div class=\"elementor-column elementor-col-100 elementor-top-column elementor-element elementor-element-a1fe76b\" data-id=\"a1fe76b\" data-element_type=\"column\" data-e-type=\"column\">\n\t\t\t<div class=\"elementor-widget-wrap elementor-element-populated\">\n\t\t\t\t\t\t<section class=\"elementor-section elementor-inner-section elementor-element elementor-element-5d88e3b elementor-section-boxed elementor-section-height-default elementor-section-height-default\" data-id=\"5d88e3b\" data-element_type=\"section\" data-e-type=\"section\">\n\t\t\t\t\t\t<div class=\"elementor-container elementor-column-gap-default\">\n\t\t\t\t\t<div class=\"elementor-column elementor-col-50 elementor-inner-column elementor-element elementor-element-bc2f3a8\" data-id=\"bc2f3a8\" data-element_type=\"column\" data-e-type=\"column\">\n\t\t\t<div class=\"elementor-widget-wrap elementor-element-populated\">\n\t\t\t\t\t\t<div class=\"elementor-element elementor-element-fce88e3 elementor-widget elementor-widget-shortcode\" data-id=\"fce88e3\" data-element_type=\"widget\" data-e-type=\"widget\" data-widget_type=\"shortcode.default\">\n\t\t\t\t\t\t\t<div class=\"elementor-shortcode\">\n<section class=\"mybooking mybooking-selector widget widget_mybooking_renting_engine_selector reservation-step  \">\n  <form\n    id=\"form-selector\"\n    class=\"mybooking-selector_form\"\n    name=\"widget_search_form\"\n    method=\"get\"\n    enctype=\"application\/x-www-form-urlencoded\">\n\n    \n    \n    \n    \n      <\/form>\n<\/section>\n<\/div>\n\t\t\t\t\t\t<\/div>\n\t\t\t\t\t<\/div>\n\t\t<\/div>\n\t\t\t\t<div class=\"elementor-column elementor-col-50 elementor-inner-column elementor-element elementor-element-26900ac\" data-id=\"26900ac\" data-element_type=\"column\" data-e-type=\"column\">\n\t\t\t<div class=\"elementor-widget-wrap elementor-element-populated\">\n\t\t\t\t\t\t\t<\/div>\n\t\t<\/div>\n\t\t\t\t\t<\/div>\n\t\t<\/section>\n\t\t\t\t\t<\/div>\n\t\t<\/div>\n\t\t\t\t\t<\/div>\n\t\t<\/section>\n\t\t\t\t<section class=\"elementor-section elementor-top-section elementor-element elementor-element-bc7c932 elementor-section-boxed elementor-section-height-default elementor-section-height-default\" data-id=\"bc7c932\" data-element_type=\"section\" data-e-type=\"section\">\n\t\t\t\t\t\t<div class=\"elementor-container elementor-column-gap-default\">\n\t\t\t\t\t<div class=\"elementor-column elementor-col-100 elementor-top-column elementor-element elementor-element-2b30435\" data-id=\"2b30435\" data-element_type=\"column\" data-e-type=\"column\">\n\t\t\t<div class=\"elementor-widget-wrap elementor-element-populated\">\n\t\t\t\t\t\t<div class=\"elementor-element elementor-element-7c93a1d elementor-widget elementor-widget-heading\" data-id=\"7c93a1d\" data-element_type=\"widget\" data-e-type=\"widget\" data-widget_type=\"heading.default\">\n\t\t\t\t\t<h1 class=\"elementor-heading-title elementor-size-default\">Noleggio Auto Low cost a Minorca\n\n<\/h1>\t\t\t\t<\/div>\n\t\t\t\t<div class=\"elementor-element elementor-element-d3026b0 elementor-widget elementor-widget-text-editor\" data-id=\"d3026b0\" data-element_type=\"widget\" data-e-type=\"widget\" data-widget_type=\"text-editor.default\">\n\t\t\t\t\t\t\t\t\t<p><strong>Cerchi un Noleggio Auto Economico a Minorca? Sei nel Posto Giusto!<\/strong><\/p><p>Su MenorcaRent comprendiamo quanto sia importante godersi le vacanze senza preoccupazioni e senza spese eccessive. Per questo motivo, offriamo una vasta flotta di auto economiche, perfette per esplorare questa meravigliosa isola con totale libert\u00e0.<\/p><p>Scopri tutte le nostre opzioni di <em>noleggio auto a Minorca<\/em> su MenorcaRent, dove la qualit\u00e0, l\u2019affidabilit\u00e0 e un servizio su misura sono le nostre priorit\u00e0. Ci distinguiamo per i prezzi trasparenti, senza sorprese, e un\u2019assistenza personalizzata che garantisce la tua soddisfazione.<\/p>\t\t\t\t\t\t\t\t<\/div>\n\t\t\t\t\t<\/div>\n\t\t<\/div>\n\t\t\t\t\t<\/div>\n\t\t<\/section>\n\t\t\t\t<section class=\"elementor-section elementor-top-section elementor-element elementor-element-bc39ac7 elementor-section-boxed elementor-section-height-default elementor-section-height-default\" data-id=\"bc39ac7\" data-element_type=\"section\" data-e-type=\"section\">\n\t\t\t\t\t\t<div class=\"elementor-container elementor-column-gap-default\">\n\t\t\t\t\t<div class=\"elementor-column elementor-col-33 elementor-top-column elementor-element elementor-element-05f02c6\" data-id=\"05f02c6\" data-element_type=\"column\" data-e-type=\"column\">\n\t\t\t<div class=\"elementor-widget-wrap elementor-element-populated\">\n\t\t\t\t\t\t<div class=\"elementor-element elementor-element-6115edb elementor-widget elementor-widget-image\" data-id=\"6115edb\" data-element_type=\"widget\" data-e-type=\"widget\" data-widget_type=\"image.default\">\n\t\t\t\t\t\t\t\t\t\t\t\t\t\t\t<img fetchpriority=\"high\" decoding=\"async\" width=\"640\" height=\"331\" src=\"https:\/\/www.menorcarent.com\/wp-content\/uploads\/2025\/02\/aygo.webp\" class=\"attachment-large size-large wp-image-7098\" alt=\"\" srcset=\"https:\/\/www.menorcarent.com\/wp-content\/uploads\/2025\/02\/aygo.webp 800w, https:\/\/www.menorcarent.com\/wp-content\/uploads\/2025\/02\/aygo-300x155.webp 300w, https:\/\/www.menorcarent.com\/wp-content\/uploads\/2025\/02\/aygo-768x397.webp 768w\" sizes=\"(max-width: 640px) 100vw, 640px\" \/>\t\t\t\t\t\t\t\t\t\t\t\t\t\t\t<\/div>\n\t\t\t\t<div class=\"elementor-element elementor-element-2f9caa9 elementor-widget elementor-widget-heading\" data-id=\"2f9caa9\" data-element_type=\"widget\" data-e-type=\"widget\" data-widget_type=\"heading.default\">\n\t\t\t\t\t<h4 class=\"elementor-heading-title elementor-size-default\">Noleggio Auto Economiche - Low Cost<\/h4>\t\t\t\t<\/div>\n\t\t\t\t\t<\/div>\n\t\t<\/div>\n\t\t\t\t<div class=\"elementor-column elementor-col-33 elementor-top-column elementor-element elementor-element-e4ed075\" data-id=\"e4ed075\" data-element_type=\"column\" data-e-type=\"column\">\n\t\t\t<div class=\"elementor-widget-wrap elementor-element-populated\">\n\t\t\t\t\t\t<div class=\"elementor-element elementor-element-ebd6c64 elementor-widget elementor-widget-image\" data-id=\"ebd6c64\" data-element_type=\"widget\" data-e-type=\"widget\" data-widget_type=\"image.default\">\n\t\t\t\t\t\t\t\t\t\t\t\t\t\t\t<img decoding=\"async\" width=\"235\" height=\"176\" src=\"https:\/\/www.menorcarent.com\/wp-content\/uploads\/2025\/02\/opel-corsa.jpg\" class=\"attachment-large size-large wp-image-7103\" alt=\"\" \/>\t\t\t\t\t\t\t\t\t\t\t\t\t\t\t<\/div>\n\t\t\t\t<div class=\"elementor-element elementor-element-ff5f5be elementor-widget elementor-widget-heading\" data-id=\"ff5f5be\" data-element_type=\"widget\" data-e-type=\"widget\" data-widget_type=\"heading.default\">\n\t\t\t\t\t<h4 class=\"elementor-heading-title elementor-size-default\">Noleggio Auto 5 Posti Low Cost<\/h4>\t\t\t\t<\/div>\n\t\t\t\t\t<\/div>\n\t\t<\/div>\n\t\t\t\t<div class=\"elementor-column elementor-col-33 elementor-top-column elementor-element elementor-element-bcd2195\" data-id=\"bcd2195\" data-element_type=\"column\" data-e-type=\"column\">\n\t\t\t<div class=\"elementor-widget-wrap elementor-element-populated\">\n\t\t\t\t\t\t<div class=\"elementor-element elementor-element-a920a5d elementor-widget elementor-widget-image\" data-id=\"a920a5d\" data-element_type=\"widget\" data-e-type=\"widget\" data-widget_type=\"image.default\">\n\t\t\t\t\t\t\t\t\t\t\t\t\t\t\t<img decoding=\"async\" width=\"640\" height=\"331\" src=\"https:\/\/www.menorcarent.com\/wp-content\/uploads\/2025\/02\/fiat-panda.jpg\" class=\"attachment-large size-large wp-image-7199\" alt=\"\" srcset=\"https:\/\/www.menorcarent.com\/wp-content\/uploads\/2025\/02\/fiat-panda.jpg 800w, https:\/\/www.menorcarent.com\/wp-content\/uploads\/2025\/02\/fiat-panda-300x155.jpg 300w, https:\/\/www.menorcarent.com\/wp-content\/uploads\/2025\/02\/fiat-panda-768x397.jpg 768w\" sizes=\"(max-width: 640px) 100vw, 640px\" \/>\t\t\t\t\t\t\t\t\t\t\t\t\t\t\t<\/div>\n\t\t\t\t<div class=\"elementor-element elementor-element-bf6cff5 elementor-widget elementor-widget-heading\" data-id=\"bf6cff5\" data-element_type=\"widget\" data-e-type=\"widget\" data-widget_type=\"heading.default\">\n\t\t\t\t\t<h4 class=\"elementor-heading-title elementor-size-default\">Noleggio Auto a Minorca Low Cost<\/h4>\t\t\t\t<\/div>\n\t\t\t\t\t<\/div>\n\t\t<\/div>\n\t\t\t\t\t<\/div>\n\t\t<\/section>\n\t\t\t\t<section class=\"elementor-section elementor-top-section elementor-element elementor-element-ecbd707 elementor-section-boxed elementor-section-height-default elementor-section-height-default\" data-id=\"ecbd707\" data-element_type=\"section\" data-e-type=\"section\">\n\t\t\t\t\t\t<div class=\"elementor-container elementor-column-gap-default\">\n\t\t\t\t\t<div class=\"elementor-column elementor-col-100 elementor-top-column elementor-element elementor-element-192f9e9\" data-id=\"192f9e9\" data-element_type=\"column\" data-e-type=\"column\">\n\t\t\t<div class=\"elementor-widget-wrap elementor-element-populated\">\n\t\t\t\t\t\t<div class=\"elementor-element elementor-element-ed08c63 elementor-widget elementor-widget-heading\" data-id=\"ed08c63\" data-element_type=\"widget\" data-e-type=\"widget\" data-widget_type=\"heading.default\">\n\t\t\t\t\t<h2 class=\"elementor-heading-title elementor-size-default\">Noleggio Auto Economiche e Low Cost a Minorca<\/h2>\t\t\t\t<\/div>\n\t\t\t\t<div class=\"elementor-element elementor-element-8e77f0f elementor-widget elementor-widget-text-editor\" data-id=\"8e77f0f\" data-element_type=\"widget\" data-e-type=\"widget\" data-widget_type=\"text-editor.default\">\n\t\t\t\t\t\t\t\t\t<p><strong>Nella Nostra Categoria Low Cost, Troverai Auto Pratiche ed Efficienti<\/strong><\/p><p>Perfette per chi desidera risparmiare senza rinunciare al comfort e all\u2019affidabilit\u00e0. Anche se questi modelli non sono nuovi, sono sempre in condizioni ottimali grazie a un\u2019attenta manutenzione continua.<\/p><p><strong>Modelli disponibili:<\/strong> Opel Corsa, Skoda Fabia, Toyota Aygo e altri.<\/p><p><strong>Vantaggi:<\/strong> Basso consumo di carburante, facilit\u00e0 di parcheggio e dimensioni compatte per muoverti agilmente tra le strade e le calette di Minorca.<\/p><p><strong>Perfetti per:<\/strong> Coppie, viaggiatori solitari o piccoli gruppi che vogliono esplorare l\u2019isola al miglior prezzo.<\/p><p>Le nostre auto low cost sono la scelta ideale per goderti le vacanze senza pensieri e con piena libert\u00e0. <strong>Risparmia senza sacrificare la qualit\u00e0!<\/strong><\/p>\t\t\t\t\t\t\t\t<\/div>\n\t\t\t\t<div class=\"elementor-element elementor-element-c7d3ef4 elementor-widget elementor-widget-heading\" data-id=\"c7d3ef4\" data-element_type=\"widget\" data-e-type=\"widget\" data-widget_type=\"heading.default\">\n\t\t\t\t\t<h2 class=\"elementor-heading-title elementor-size-default\">Altre Opzioni di Noleggio Auto Economiche a Minorca<\/h2>\t\t\t\t<\/div>\n\t\t\t\t<div class=\"elementor-element elementor-element-e381ab5 elementor-widget elementor-widget-text-editor\" data-id=\"e381ab5\" data-element_type=\"widget\" data-e-type=\"widget\" data-widget_type=\"text-editor.default\">\n\t\t\t\t\t\t\t\t\t<p><strong>Anche se il nostro gruppo low cost \u00e8 l\u2019opzione pi\u00f9 economica, offriamo altre categorie per soddisfare diverse esigenze:<\/strong><\/p><ul><li><strong>Auto Familiari:<\/strong> Spaziose e confortevoli, ideali per famiglie con bambini e bagagli.<\/li><li><strong>Veicoli Premium:<\/strong> Modelli di lusso come l\u2019Audi A1, con finiture superiori e un maggiore comfort.<\/li><li><strong>Auto per Gruppi Numerosi:<\/strong> Opzioni da 7 e 9 posti, perfette per viaggi con amici o familiari.<\/li><\/ul>\t\t\t\t\t\t\t\t<\/div>\n\t\t\t\t<div class=\"elementor-element elementor-element-010dd84 elementor-widget elementor-widget-heading\" data-id=\"010dd84\" data-element_type=\"widget\" data-e-type=\"widget\" data-widget_type=\"heading.default\">\n\t\t\t\t\t<h2 class=\"elementor-heading-title elementor-size-default\">Perch\u00e9 Scegliere un\u2019Auto a Noleggio Low Cost a Minorca?<\/h2>\t\t\t\t<\/div>\n\t\t\t\t<div class=\"elementor-element elementor-element-7aae713 elementor-widget elementor-widget-text-editor\" data-id=\"7aae713\" data-element_type=\"widget\" data-e-type=\"widget\" data-widget_type=\"text-editor.default\">\n\t\t\t\t\t\t\t\t\t<p><strong>Se cerchi il perfetto equilibrio tra risparmio e comodit\u00e0, un\u2019auto a noleggio low cost \u00e8 la scelta ideale per le tue vacanze a Minorca.<\/strong> Con tariffe competitive, potrai goderti l\u2019isola senza preoccuparti del budget.<\/p><p>Le nostre auto compatte sono pratiche ed efficienti, perfette per parcheggiare nelle strade strette e scoprire le calette pi\u00f9 nascoste. Inoltre, il loro basso consumo di carburante ti permetter\u00e0 di percorrere pi\u00f9 chilometri risparmiando.<\/p><p><strong>Il massimo vantaggio \u00e8 la libert\u00e0 che offrono.<\/strong> Dimentica i limiti del trasporto pubblico o gli orari dei tour organizzati. Con un\u2019auto low cost, decidi tu dove andare e quanto tempo trascorrere in ogni luogo.<\/p><p>Scopri spiagge paradisiache, borghi incantevoli e angoli unici con le nostre auto low cost. \u00c8 il modo pi\u00f9 efficiente ed economico per esplorare Minorca. <strong>Prenota la tua auto oggi stesso e vivi l\u2019isola al tuo ritmo!<\/strong><\/p>\t\t\t\t\t\t\t\t<\/div>\n\t\t\t\t\t<\/div>\n\t\t<\/div>\n\t\t\t\t\t<\/div>\n\t\t<\/section>\n\t\t\t\t<section class=\"elementor-section elementor-top-section elementor-element elementor-element-dd21ab6 elementor-section-boxed elementor-section-height-default elementor-section-height-default\" data-id=\"dd21ab6\" data-element_type=\"section\" data-e-type=\"section\">\n\t\t\t\t\t\t<div class=\"elementor-container elementor-column-gap-default\">\n\t\t\t\t\t<div class=\"elementor-column elementor-col-100 elementor-top-column elementor-element elementor-element-a28b02d\" data-id=\"a28b02d\" data-element_type=\"column\" data-e-type=\"column\">\n\t\t\t<div class=\"elementor-widget-wrap elementor-element-populated\">\n\t\t\t\t\t\t<div class=\"elementor-element elementor-element-cb53456 elementor-widget elementor-widget-heading\" data-id=\"cb53456\" data-element_type=\"widget\" data-e-type=\"widget\" data-widget_type=\"heading.default\">\n\t\t\t\t\t<h2 class=\"elementor-heading-title elementor-size-default\">Prenota la Tua Auto su MenorcaRent Oggi\n\n<\/h2>\t\t\t\t<\/div>\n\t\t\t\t\t<\/div>\n\t\t<\/div>\n\t\t\t\t\t<\/div>\n\t\t<\/section>\n\t\t\t\t<section class=\"elementor-section elementor-top-section elementor-element elementor-element-ed48cfa elementor-section-boxed elementor-section-height-default elementor-section-height-default\" data-id=\"ed48cfa\" data-element_type=\"section\" data-e-type=\"section\">\n\t\t\t\t\t\t<div class=\"elementor-container elementor-column-gap-default\">\n\t\t\t\t\t<div class=\"elementor-column elementor-col-100 elementor-top-column elementor-element elementor-element-ee7b65e\" data-id=\"ee7b65e\" data-element_type=\"column\" data-e-type=\"column\">\n\t\t\t<div class=\"elementor-widget-wrap elementor-element-populated\">\n\t\t\t\t\t\t<div class=\"elementor-element elementor-element-68c44ed elementor-widget elementor-widget-text-editor\" data-id=\"68c44ed\" data-element_type=\"widget\" data-e-type=\"widget\" data-widget_type=\"text-editor.default\">\n\t\t\t\t\t\t\t\t\t<p><strong>Non lasciare che i mezzi di trasporto limitino i tuoi piani.<\/strong> Con il nostro servizio di <a title=\"Noleggio auto minorca\" href=\"https:\/\/www.menorcarent.com\/it\/\"><strong>noleggio auto a Minorca<\/strong><\/a>, avrai accesso a veicoli economici e affidabili per goderti l\u2019isola al tuo ritmo.<\/p><p><strong>Prenota la tua auto su MenorcaRent<\/strong> e inizia a pianificare le tue vacanze in modo semplice e veloce. Su MenorcaRent siamo pronti a rendere la tua esperienza indimenticabile. <strong>Ti aspettiamo!<\/strong><\/p>\t\t\t\t\t\t\t\t<\/div>\n\t\t\t\t\t<\/div>\n\t\t<\/div>\n\t\t\t\t\t<\/div>\n\t\t<\/section>\n\t\t\t\t<\/div>\n\t\t","protected":false},"excerpt":{"rendered":"<p>Noleggio Auto Low cost a Minorca Cerchi un Noleggio Auto Economico a Minorca? Sei nel Posto Giusto! Su MenorcaRent comprendiamo quanto sia importante godersi le vacanze senza preoccupazioni e senza spese eccessive. Per questo motivo, offriamo una vasta flotta di auto economiche, perfette per esplorare questa meravigliosa isola con totale libert\u00e0. Scopri tutte le nostre<\/p>\n","protected":false},"author":1,"featured_media":0,"parent":0,"menu_order":0,"comment_status":"closed","ping_status":"closed","template":"mybooking-parts\/mybooking-empty.php","meta":{"footnotes":""},"class_list":["post-1355","page","type-page","status-publish","hentry"],"_links":{"self":[{"href":"https:\/\/www.menorcarent.com\/it\/wp-json\/wp\/v2\/pages\/1355","targetHints":{"allow":["GET"]}}],"collection":[{"href":"https:\/\/www.menorcarent.com\/it\/wp-json\/wp\/v2\/pages"}],"about":[{"href":"https:\/\/www.menorcarent.com\/it\/wp-json\/wp\/v2\/types\/page"}],"author":[{"embeddable":true,"href":"https:\/\/www.menorcarent.com\/it\/wp-json\/wp\/v2\/users\/1"}],"replies":[{"embeddable":true,"href":"https:\/\/www.menorcarent.com\/it\/wp-json\/wp\/v2\/comments?post=1355"}],"version-history":[{"count":10,"href":"https:\/\/www.menorcarent.com\/it\/wp-json\/wp\/v2\/pages\/1355\/revisions"}],"predecessor-version":[{"id":7209,"href":"https:\/\/www.menorcarent.com\/it\/wp-json\/wp\/v2\/pages\/1355\/revisions\/7209"}],"wp:attachment":[{"href":"https:\/\/www.menorcarent.com\/it\/wp-json\/wp\/v2\/media?parent=1355"}],"curies":[{"name":"wp","href":"https:\/\/api.w.org\/{rel}","templated":true}]}}