{"id":3543,"date":"2022-09-08T13:37:29","date_gmt":"2022-09-08T11:37:29","guid":{"rendered":"https:\/\/www.menorcarent.com\/politica-sulla-riservatezza\/"},"modified":"2025-06-13T13:29:13","modified_gmt":"2025-06-13T11:29:13","slug":"politica-sulla-riservatezza","status":"publish","type":"page","link":"https:\/\/www.menorcarent.com\/it\/politica-sulla-riservatezza.html","title":{"rendered":"Politica sulla riservatezza"},"content":{"rendered":"\t\t<div data-elementor-type=\"wp-page\" data-elementor-id=\"3543\" class=\"elementor elementor-3543 elementor-54\">\n\t\t\t\t\t\t<section class=\"elementor-section elementor-top-section elementor-element elementor-element-38849949 elementor-section-boxed elementor-section-height-default elementor-section-height-default\" data-id=\"38849949\" data-element_type=\"section\" data-e-type=\"section\">\n\t\t\t\t\t\t<div class=\"elementor-container elementor-column-gap-default\">\n\t\t\t\t\t<div class=\"elementor-column elementor-col-100 elementor-top-column elementor-element elementor-element-1c22050c\" data-id=\"1c22050c\" data-element_type=\"column\" data-e-type=\"column\">\n\t\t\t<div class=\"elementor-widget-wrap elementor-element-populated\">\n\t\t\t\t\t\t<div class=\"elementor-element elementor-element-771930c8 elementor-widget elementor-widget-text-editor\" data-id=\"771930c8\" data-element_type=\"widget\" data-e-type=\"widget\" data-widget_type=\"text-editor.default\">\n\t\t\t\t\t\t\t\t\t<p><strong>POLITICA SULLA RISERVATEZZA<\/strong><\/p><p>Protezione dei dati personali secondo la LOPD<\/p><p>EASYMENORCARENT RENT, S.L, in applicazione della normativa vigente in materia di protezione dei dati personali, informa che i dati personali raccolti attraverso i moduli sul sito Web www.menorcarent.com sono inclusi negli specifici file automatizzati degli utenti dei servizi di EASYMENORCARENT RENT, S.L<\/p><p>La raccolta e il trattamento automatizzato dei dati personali ha lo scopo di mantenere il rapporto commerciale e lo svolgimento di informazioni, formazione, consulenza e altre attivit\u00e0 di EASYMENORCARENT RENT, S.L.<\/p><p>Questi dati saranno trasferiti solo a quei soggetti che sono necessari al solo scopo di rispettare lo scopo sopra indicato.<\/p><p>EASYMENORCARENT RENT, S.L adotta le misure necessarie per garantire la sicurezza, l&#8217;integrit\u00e0 e la riservatezza dei dati in conformit\u00e0 con le disposizioni della Legge organica 15\/1999 del 13 dicembre, Protezione dei dati personali (LOPD).<\/p><p>L&#8217;utente pu\u00f2 in qualsiasi momento esercitare i diritti di accesso, opposizione, rettifica e cancellazione riconosciuti nella suddetta LOPD. L&#8217;utente pu\u00f2 esercitare tali diritti inviando un&#8217;e-mail a menorcarent@gmail.com o all&#8217;indirizzo C\/ Santa Victoria, 33, 07701 &#8211; Mahon, Minorca (Isole Baleari).<\/p><p>L&#8217;utente dichiara che tutte le informazioni da lui fornite sono vere e corrette e si impegna a mantenerle aggiornate, comunicando le modifiche a EASYMENORCARENT RENT, S.L.<\/p><p><strong>Dati raccolti dagli utenti dei servizi<\/strong><\/p><p>Nei casi in cui l&#8217;utente includa file con dati personali nei server di hosting condiviso, EASYMENORCARENT RENT, S.L non \u00e8 responsabile per la violazione da parte dell&#8217;utente del LOPD.<\/p><p><strong>Conservazione dei dati secondo la LSSI<\/strong><\/p><p>EASYMENORCARENT RENT, S.L informa che, in qualit\u00e0 di fornitore di servizi di hosting di dati e in virt\u00f9 delle disposizioni della legge 34\/2002 dell&#8217;11 luglio, Servizi della societ\u00e0 dell&#8217;informazione e del commercio elettronico (LSSI), conserva per un periodo massimo di 12 mesi l&#8217;essenziale informazioni per identificare l&#8217;origine dei dati conservati e il momento in cui \u00e8 iniziata la fornitura del servizio. La conservazione di questi dati non pregiudica la segretezza delle comunicazioni e pu\u00f2 essere utilizzata solo nell&#8217;ambito di un&#8217;indagine penale o per salvaguardare la sicurezza pubblica, mettendoli a disposizione di giudici e\/o tribunali o del Ministero che lo richieda. La comunicazione dei dati alle Forze ed Enti dello Stato avverr\u00e0 in conformit\u00e0 a quanto previsto dalla normativa in materia di protezione dei dati personali.<\/p><p>Diritti di propriet\u00e0 intellettuale www.menorcarent.com<\/p><p>EASYMENORCARENT RENT, S.L \u00e8 titolare di tutti i diritti d&#8217;autore, propriet\u00e0 intellettuale e industriale, &#8220;know how&#8221; e qualsiasi altro diritto relativo ai contenuti del sito Web www.menorcarent.com e ai servizi<\/p><p>ivi offerti, nonch\u00e9 i programmi necessari alla sua attuazione e le relative informazioni. La riproduzione, pubblicazione e\/o utilizzazione non strettamente privata dei contenuti, totali o parziali, del sito www.menorcarent.com non \u00e8 consentita senza il preventivo consenso scritto.<\/p><p><strong>Propriet\u00e0 intellettuale del software<\/strong><\/p><p>L&#8217;utente deve rispettare i programmi di terze parti messi a disposizione da EASYMENORCARENT RENT, S.L, anche se sono gratuiti e\/o pubblicamente disponibili. EASYMENORCARENT RENT, S.L. detiene i necessari diritti di sfruttamento e propriet\u00e0 intellettuale del software.<\/p><p>L&#8217;utente non acquisisce alcun diritto o licenza per il servizio appaltato, sul software necessario per la fornitura del servizio, n\u00e9 sulle informazioni tecniche per il monitoraggio del servizio, ad eccezione dei diritti e delle licenze necessarie per l&#8217;adempimento dei servizi appaltati e solo per la loro durata. Per qualsiasi azione che superi il rispetto del contratto, l&#8217;utente avr\u00e0 bisogno dell&#8217;autorizzazione scritta di EASYMENORCARENT RENT, S.L, e all&#8217;utente \u00e8 vietato accedere, modificare, visualizzare la configurazione, la struttura e i file dei server di propriet\u00e0 di EASYMENORCARENT RENT, S.L, assumendo responsabilit\u00e0 civile e penale derivante da qualsiasi incidente che possa verificarsi nei server e nei sistemi di sicurezza come diretta conseguenza di un&#8217;azione negligente o dolosa da parte tua.<\/p><p><strong>Propriet\u00e0 intellettuale dei contenuti ospitati<\/strong><\/p><p>L&#8217;uso contrario alla legislazione sulla propriet\u00e0 intellettuale dei servizi forniti da EASYMENORCARENT RENT, S.L e, in particolare di:<\/p><p>L&#8217;uso contrario alle leggi spagnole o che viola i diritti di terzi.<\/p><p>La pubblicazione o la trasmissione di qualsiasi contenuto che, a giudizio di EASYMENORCARENT RENT, S.L, sia violento, osceno, offensivo, illegale, razzista, xenofobo o diffamatorio.<\/p><p><br \/>Le crepe, i numeri di serie dei programmi o qualsiasi altro contenuto che viola i diritti di propriet\u00e0 intellettuale di terzi.<\/p><p>La raccolta e\/o l&#8217;utilizzo di dati personali di altri utenti senza il loro espresso consenso o in violazione delle disposizioni della Legge Organica 15\/1999, del 13 dicembre, sulla Protezione dei Dati Personali.<\/p><p>L&#8217;utilizzo del server di posta e degli indirizzi e-mail del dominio per inviare posta di massa indesiderata.<\/p><p>L&#8217;utente ha la piena responsabilit\u00e0 del contenuto del proprio sito web, delle informazioni trasmesse e memorizzate, dei collegamenti ipertestuali, delle rivendicazioni di terzi e delle azioni legali in riferimento alla propriet\u00e0 intellettuale, ai diritti di terzi e alla tutela dei minori. L&#8217;utente \u00e8 responsabile delle leggi e dei regolamenti in vigore e delle regole che hanno a che fare con il funzionamento del servizio online, il commercio elettronico, il diritto d&#8217;autore, il mantenimento dell&#8217;ordine pubblico, nonch\u00e9 i principi universali dell&#8217;uso di Internet.<\/p><p>L&#8217;utente indennizzer\u00e0 EASYMENORCARENT RENT, S.L per le spese generate dall&#8217;imputazione del<\/p><p>EASYMENORCARENT RENT, S.L in qualsiasi causa la cui responsabilit\u00e0 fosse imputabile all&#8217;utente, comprese le spese e le spese di difesa legale, anche nel caso di una decisione giudiziaria non definitiva.<\/p><p><strong>Protezione delle informazioni ospitate<\/strong><\/p><p>EASYMENORCARENT RENT, S.L effettua copie di backup dei contenuti ospitati sui suoi server, tuttavia non \u00e8 responsabile per la perdita o la cancellazione accidentale dei dati da parte degli utenti. Allo stesso modo, non garantisce la totale sostituzione dei dati cancellati dagli utenti, poich\u00e9 i suddetti dati potrebbero essere stati cancellati e\/o modificati durante il periodo di tempo trascorso dall&#8217;ultima copia di backup. I servizi offerti, ad eccezione dei servizi di backup specifici, non includono la sostituzione dei contenuti conservati nelle copie di backup effettuate da EASYMENORCARENT RENT, S.L, quando tale perdita \u00e8 imputabile all&#8217;utente; in tal caso verr\u00e0 determinata una tariffa in funzione della complessit\u00e0 e del volume del recupero, sempre previa accettazione dell&#8217;utente. La sostituzione dei dati cancellati \u00e8 inclusa nel prezzo del servizio solo quando la perdita del contenuto \u00e8 dovuta a cause imputabili a EASYMENORCARENT RENT, S.L.<\/p><p><strong>comunicazioni commerciali<\/strong><\/p><p>In applicazione della LSSI. EASYMENORCARENT RENT, S.L non invier\u00e0 comunicazioni pubblicitarie o promozionali tramite e-mail o altri mezzi elettronici di comunicazione equivalenti che non siano stati precedentemente richiesti o espressamente autorizzati dai destinatari.<\/p><p>Nel caso di utenti con i quali esiste un precedente rapporto contrattuale, EASYMENORCARENT RENT, S.L \u00e8 autorizzata a inviare comunicazioni commerciali relative a prodotti o servizi di EASYMENORCARENT RENT, S.L simili a quelli che sono stati inizialmente contrattati con il cliente. In ogni caso, l&#8217;utente pu\u00f2 richiedere che non gli vengano pi\u00f9 inviate informazioni commerciali attraverso i canali del Servizio Clienti, previa dimostrazione della sua identit\u00e0.<\/p>\t\t\t\t\t\t\t\t<\/div>\n\t\t\t\t\t<\/div>\n\t\t<\/div>\n\t\t\t\t\t<\/div>\n\t\t<\/section>\n\t\t\t\t<\/div>\n\t\t","protected":false},"excerpt":{"rendered":"<p>POLITICA SULLA RISERVATEZZA Protezione dei dati personali secondo la LOPD EASYMENORCARENT RENT, S.L, in applicazione della normativa vigente in materia di protezione dei dati personali, informa che i dati personali raccolti attraverso i moduli sul sito Web www.menorcarent.com sono inclusi negli specifici file automatizzati degli utenti dei servizi di EASYMENORCARENT RENT, S.L La raccolta e<\/p>\n","protected":false},"author":1,"featured_media":0,"parent":0,"menu_order":0,"comment_status":"closed","ping_status":"closed","template":"","meta":{"footnotes":""},"class_list":["post-3543","page","type-page","status-publish","hentry"],"_links":{"self":[{"href":"https:\/\/www.menorcarent.com\/it\/wp-json\/wp\/v2\/pages\/3543","targetHints":{"allow":["GET"]}}],"collection":[{"href":"https:\/\/www.menorcarent.com\/it\/wp-json\/wp\/v2\/pages"}],"about":[{"href":"https:\/\/www.menorcarent.com\/it\/wp-json\/wp\/v2\/types\/page"}],"author":[{"embeddable":true,"href":"https:\/\/www.menorcarent.com\/it\/wp-json\/wp\/v2\/users\/1"}],"replies":[{"embeddable":true,"href":"https:\/\/www.menorcarent.com\/it\/wp-json\/wp\/v2\/comments?post=3543"}],"version-history":[{"count":9,"href":"https:\/\/www.menorcarent.com\/it\/wp-json\/wp\/v2\/pages\/3543\/revisions"}],"predecessor-version":[{"id":8668,"href":"https:\/\/www.menorcarent.com\/it\/wp-json\/wp\/v2\/pages\/3543\/revisions\/8668"}],"wp:attachment":[{"href":"https:\/\/www.menorcarent.com\/it\/wp-json\/wp\/v2\/media?parent=3543"}],"curies":[{"name":"wp","href":"https:\/\/api.w.org\/{rel}","templated":true}]}}